{"id":514,"date":"2023-08-04T14:48:52","date_gmt":"2023-08-04T12:48:52","guid":{"rendered":"https:\/\/www.embotits.es\/contacte\/"},"modified":"2023-11-06T13:01:23","modified_gmt":"2023-11-06T12:01:23","slug":"contacte","status":"publish","type":"page","link":"https:\/\/www.embotits.es\/ca\/contacte\/","title":{"rendered":"Contacte"},"content":{"rendered":"\t\t<div data-elementor-type=\"wp-page\" data-elementor-id=\"514\" class=\"elementor elementor-514 elementor-94\" data-elementor-post-type=\"page\">\n\t\t\t\t\t\t<section class=\"elementor-section elementor-top-section elementor-element elementor-element-2a1036d elementor-section-height-min-height elementor-section-boxed elementor-section-height-default elementor-section-items-middle\" data-id=\"2a1036d\" data-element_type=\"section\" data-settings=\"{&quot;background_background&quot;:&quot;classic&quot;}\">\n\t\t\t\t\t\t\t<div class=\"elementor-background-overlay\"><\/div>\n\t\t\t\t\t\t\t<div class=\"elementor-container elementor-column-gap-default\">\n\t\t\t\t\t<div class=\"elementor-column elementor-col-100 elementor-top-column elementor-element elementor-element-af6c59e\" data-id=\"af6c59e\" data-element_type=\"column\">\n\t\t\t<div class=\"elementor-widget-wrap elementor-element-populated\">\n\t\t\t\t\t\t<div class=\"elementor-element elementor-element-be09c67 elementor-widget elementor-widget-heading\" data-id=\"be09c67\" data-element_type=\"widget\" data-widget_type=\"heading.default\">\n\t\t\t\t<div class=\"elementor-widget-container\">\n\t\t\t\t\t<h1 class=\"elementor-heading-title elementor-size-default\">Contacte<\/h1>\t\t\t\t<\/div>\n\t\t\t\t<\/div>\n\t\t\t\t\t<\/div>\n\t\t<\/div>\n\t\t\t\t\t<\/div>\n\t\t<\/section>\n\t\t\t\t<section class=\"elementor-section elementor-top-section elementor-element elementor-element-da31735 elementor-section-boxed elementor-section-height-default elementor-section-height-default\" data-id=\"da31735\" data-element_type=\"section\">\n\t\t\t\t\t\t<div class=\"elementor-container elementor-column-gap-default\">\n\t\t\t\t\t<div class=\"elementor-column elementor-col-50 elementor-top-column elementor-element elementor-element-7f28762\" data-id=\"7f28762\" data-element_type=\"column\">\n\t\t\t<div class=\"elementor-widget-wrap elementor-element-populated\">\n\t\t\t\t\t\t<div class=\"elementor-element elementor-element-774f1a8 elementor-widget elementor-widget-heading\" data-id=\"774f1a8\" data-element_type=\"widget\" data-widget_type=\"heading.default\">\n\t\t\t\t<div class=\"elementor-widget-container\">\n\t\t\t\t\t<h3 class=\"elementor-heading-title elementor-size-default\">Carnisseria a Llad\u00f3<\/h3>\t\t\t\t<\/div>\n\t\t\t\t<\/div>\n\t\t\t\t<div class=\"elementor-element elementor-element-b3365cb elementor-widget elementor-widget-text-editor\" data-id=\"b3365cb\" data-element_type=\"widget\" data-widget_type=\"text-editor.default\">\n\t\t\t\t<div class=\"elementor-widget-container\">\n\t\t\t\t\t\t\t\t\t<p><strong>Direcci\u00f3:<\/strong> c\/ Gran 6, 17745, LLAD\u00d3, ALT EMPORD\u00c0 (GIRONA)<br \/><strong>HORARI: de 9 a 14h i de 17 a 19:30h<br \/><\/strong><strong>Tel:<\/strong> 972 468 300 (Mont) <br \/><strong>M\u00f2bil:<\/strong> 627 569 740 (\u00d2scar)<br \/><strong>Email:<\/strong><a href=\"mailto:info@carnisseria.es\"> <\/a><a href=\"mailto:info@canruart.com\">info@canruart.com<\/a><\/p>\n\t\t\t\t\t\t\t\t<\/div>\n\t\t\t\t<\/div>\n\t\t\t\t<div class=\"elementor-element elementor-element-6fb03e5 elementor-widget elementor-widget-google_maps\" data-id=\"6fb03e5\" data-element_type=\"widget\" data-widget_type=\"google_maps.default\">\n\t\t\t\t<div class=\"elementor-widget-container\">\n\t\t\t\t\t\t\t<div class=\"elementor-custom-embed\">\n\t\t\t<iframe loading=\"lazy\"\n\t\t\t\t\tsrc=\"https:\/\/maps.google.com\/maps?q=Can%20Ruart%20Llad%C3%B3&#038;t=m&#038;z=14&#038;output=embed&#038;iwloc=near\"\n\t\t\t\t\ttitle=\"Can Ruart Llad\u00f3\"\n\t\t\t\t\taria-label=\"Can Ruart Llad\u00f3\"\n\t\t\t><\/iframe>\n\t\t<\/div>\n\t\t\t\t\t\t<\/div>\n\t\t\t\t<\/div>\n\t\t\t\t\t<\/div>\n\t\t<\/div>\n\t\t\t\t<div class=\"elementor-column elementor-col-50 elementor-top-column elementor-element elementor-element-531fd5c\" data-id=\"531fd5c\" data-element_type=\"column\">\n\t\t\t<div class=\"elementor-widget-wrap elementor-element-populated\">\n\t\t\t\t\t\t<div class=\"elementor-element elementor-element-d88f884 elementor-widget elementor-widget-heading\" data-id=\"d88f884\" data-element_type=\"widget\" data-widget_type=\"heading.default\">\n\t\t\t\t<div class=\"elementor-widget-container\">\n\t\t\t\t\t<h3 class=\"elementor-heading-title elementor-size-default\">Carnisseria a Garrig\u00e0s<\/h3>\t\t\t\t<\/div>\n\t\t\t\t<\/div>\n\t\t\t\t<div class=\"elementor-element elementor-element-ce6cd0d elementor-widget elementor-widget-text-editor\" data-id=\"ce6cd0d\" data-element_type=\"widget\" data-widget_type=\"text-editor.default\">\n\t\t\t\t<div class=\"elementor-widget-container\">\n\t\t\t\t\t\t\t\t\t<p><strong>Direcci\u00f3:<\/strong> c\/ Gran 2, 17476, GARRIG\u00c0S, ALT EMPORD\u00c0 (GIRONA)<br \/><strong>HORARI: de 9 a 13:30h i de 17 a 19h<br \/><\/strong><strong>Tel:<\/strong> 972 568 051 (Eva) <br \/><strong>M\u00f2bil:<\/strong> 627 569 740 (\u00d2scar)<br \/><strong>Email:<\/strong><a href=\"mailto:info@carnisseria.es\"> info@canruart.com<\/a><\/p>\n\t\t\t\t\t\t\t\t<\/div>\n\t\t\t\t<\/div>\n\t\t\t\t<div class=\"elementor-element elementor-element-99ba9e8 elementor-widget elementor-widget-google_maps\" data-id=\"99ba9e8\" data-element_type=\"widget\" data-widget_type=\"google_maps.default\">\n\t\t\t\t<div class=\"elementor-widget-container\">\n\t\t\t\t\t\t\t<div class=\"elementor-custom-embed\">\n\t\t\t<iframe loading=\"lazy\"\n\t\t\t\t\tsrc=\"https:\/\/maps.google.com\/maps?q=Can%20Ruart%20Garrigas&#038;t=m&#038;z=15&#038;output=embed&#038;iwloc=near\"\n\t\t\t\t\ttitle=\"Can Ruart Garrigas\"\n\t\t\t\t\taria-label=\"Can Ruart Garrigas\"\n\t\t\t><\/iframe>\n\t\t<\/div>\n\t\t\t\t\t\t<\/div>\n\t\t\t\t<\/div>\n\t\t\t\t\t<\/div>\n\t\t<\/div>\n\t\t\t\t\t<\/div>\n\t\t<\/section>\n\t\t\t\t<section class=\"elementor-section elementor-top-section elementor-element elementor-element-49e61d2 elementor-section-boxed elementor-section-height-default elementor-section-height-default\" data-id=\"49e61d2\" data-element_type=\"section\">\n\t\t\t\t\t\t<div class=\"elementor-container elementor-column-gap-default\">\n\t\t\t\t\t<div class=\"elementor-column elementor-col-100 elementor-top-column elementor-element elementor-element-29547a4\" data-id=\"29547a4\" data-element_type=\"column\">\n\t\t\t<div class=\"elementor-widget-wrap elementor-element-populated\">\n\t\t\t\t\t\t<div class=\"elementor-element elementor-element-99ab7d2 elementor-widget elementor-widget-heading\" data-id=\"99ab7d2\" data-element_type=\"widget\" data-widget_type=\"heading.default\">\n\t\t\t\t<div class=\"elementor-widget-container\">\n\t\t\t\t\t<h3 class=\"elementor-heading-title elementor-size-default\">Formulari de contacte<\/h3>\t\t\t\t<\/div>\n\t\t\t\t<\/div>\n\t\t\t\t<div class=\"elementor-element elementor-element-3cc2b81 elementor-button-align-center elementor-widget elementor-widget-form\" data-id=\"3cc2b81\" data-element_type=\"widget\" data-settings=\"{&quot;step_next_label&quot;:&quot;Siguiente&quot;,&quot;step_previous_label&quot;:&quot;Anterior&quot;,&quot;button_width&quot;:&quot;100&quot;,&quot;step_type&quot;:&quot;number_text&quot;,&quot;step_icon_shape&quot;:&quot;circle&quot;}\" data-widget_type=\"form.default\">\n\t\t\t\t<div class=\"elementor-widget-container\">\n\t\t\t\t\t\t\t<form class=\"elementor-form\" method=\"post\" name=\"Nuevo formulario\" aria-label=\"Nuevo formulario\">\n\t\t\t<input type=\"hidden\" name=\"post_id\" value=\"514\"\/>\n\t\t\t<input type=\"hidden\" name=\"form_id\" value=\"3cc2b81\"\/>\n\t\t\t<input type=\"hidden\" name=\"referer_title\" value=\"Contacte - Can Ruart\" \/>\n\n\t\t\t\t\t\t\t<input type=\"hidden\" name=\"queried_id\" value=\"514\"\/>\n\t\t\t\n\t\t\t<div class=\"elementor-form-fields-wrapper elementor-labels-\">\n\t\t\t\t\t\t\t\t<div class=\"elementor-field-type-text elementor-field-group elementor-column elementor-field-group-name elementor-col-50 elementor-field-required\">\n\t\t\t\t\t\t\t\t\t\t\t\t<label for=\"form-field-name\" class=\"elementor-field-label elementor-screen-only\">\n\t\t\t\t\t\t\t\tNom\t\t\t\t\t\t\t<\/label>\n\t\t\t\t\t\t\t\t\t\t\t\t\t\t<input size=\"1\" type=\"text\" name=\"form_fields[name]\" id=\"form-field-name\" class=\"elementor-field elementor-size-sm  elementor-field-textual\" placeholder=\"Nom \" required=\"required\">\n\t\t\t\t\t\t\t\t\t\t\t<\/div>\n\t\t\t\t\t\t\t\t<div class=\"elementor-field-type-tel elementor-field-group elementor-column elementor-field-group-field_2cff3d4 elementor-col-50 elementor-field-required\">\n\t\t\t\t\t\t\t\t\t\t\t\t<label for=\"form-field-field_2cff3d4\" class=\"elementor-field-label elementor-screen-only\">\n\t\t\t\t\t\t\t\tTel\u00e8fon\t\t\t\t\t\t\t<\/label>\n\t\t\t\t\t\t\t\t<input size=\"1\" type=\"tel\" name=\"form_fields[field_2cff3d4]\" id=\"form-field-field_2cff3d4\" class=\"elementor-field elementor-size-sm  elementor-field-textual\" placeholder=\"Tel\u00e8fon \" required=\"required\" pattern=\"[0-9()#&amp;+*-=.]+\" title=\"Only numbers and phone characters (#, -, *, etc) are accepted.\">\n\n\t\t\t\t\t\t<\/div>\n\t\t\t\t\t\t\t\t<div class=\"elementor-field-type-email elementor-field-group elementor-column elementor-field-group-email elementor-col-100 elementor-field-required\">\n\t\t\t\t\t\t\t\t\t\t\t\t<label for=\"form-field-email\" class=\"elementor-field-label elementor-screen-only\">\n\t\t\t\t\t\t\t\tEmail\t\t\t\t\t\t\t<\/label>\n\t\t\t\t\t\t\t\t\t\t\t\t\t\t<input size=\"1\" type=\"email\" name=\"form_fields[email]\" id=\"form-field-email\" class=\"elementor-field elementor-size-sm  elementor-field-textual\" placeholder=\"Email \" required=\"required\">\n\t\t\t\t\t\t\t\t\t\t\t<\/div>\n\t\t\t\t\t\t\t\t<div class=\"elementor-field-type-textarea elementor-field-group elementor-column elementor-field-group-message elementor-col-100 elementor-field-required\">\n\t\t\t\t\t\t\t\t\t\t\t\t<label for=\"form-field-message\" class=\"elementor-field-label elementor-screen-only\">\n\t\t\t\t\t\t\t\tMissatge\t\t\t\t\t\t\t<\/label>\n\t\t\t\t\t\t<textarea class=\"elementor-field-textual elementor-field  elementor-size-sm\" name=\"form_fields[message]\" id=\"form-field-message\" rows=\"7\" placeholder=\"Missatge\" required=\"required\"><\/textarea>\t\t\t\t<\/div>\n\t\t\t\t\t\t\t\t<div class=\"elementor-field-type-acceptance elementor-field-group elementor-column elementor-field-group-field_bc7c1a0 elementor-col-100 elementor-field-required\">\n\t\t\t\t\t\t\t<div class=\"elementor-field-subgroup\">\n\t\t\t<span class=\"elementor-field-option\">\n\t\t\t\t<input type=\"checkbox\" name=\"form_fields[field_bc7c1a0]\" id=\"form-field-field_bc7c1a0\" class=\"elementor-field elementor-size-sm  elementor-acceptance-field\" required=\"required\">\n\t\t\t\t<label for=\"form-field-field_bc7c1a0\">He llegit, entenc i accepto la <a href=\"\/politica-de-privacidad\" style=\"color: #000000\">Pol\u00edtica de privacitat <\/a> <\/label>\t\t\t<\/span>\n\t\t<\/div>\n\t\t\t\t\t\t<\/div>\n\t\t\t\t\t\t\t\t<div class=\"elementor-field-group elementor-column elementor-field-type-submit elementor-col-100 e-form__buttons\">\n\t\t\t\t\t<button class=\"elementor-button elementor-size-sm\" type=\"submit\">\n\t\t\t\t\t\t<span class=\"elementor-button-content-wrapper\">\n\t\t\t\t\t\t\t\t\t\t\t\t\t\t\t\t\t\t\t\t\t\t<span class=\"elementor-button-text\">Enviar<\/span>\n\t\t\t\t\t\t\t\t\t\t\t\t\t<\/span>\n\t\t\t\t\t<\/button>\n\t\t\t\t<\/div>\n\t\t\t<\/div>\n\t\t<\/form>\n\t\t\t\t\t\t<\/div>\n\t\t\t\t<\/div>\n\t\t\t\t\t<\/div>\n\t\t<\/div>\n\t\t\t\t\t<\/div>\n\t\t<\/section>\n\t\t\t\t<\/div>\n\t\t","protected":false},"excerpt":{"rendered":"<p>Carnisseria a Llad\u00f3 Direcci\u00f3: c\/ Gran 6, 17745, LLAD\u00d3, ALT EMPORD\u00c0 (GIRONA)HORARI: de 9 a 14h i de 17 a 19:30hTel: 972 468 300 (Mont) M\u00f2bil: 627 569 740 (\u00d2scar)Email: info@canruart.com Carnisseria a Garrig\u00e0s Direcci\u00f3: c\/ Gran 2, 17476, GARRIG\u00c0S, ALT EMPORD\u00c0 (GIRONA)HORARI: de 9 a 13:30h i de 17 a 19hTel: 972 568 051 &#8230; <a title=\"Contacte\" class=\"read-more\" href=\"https:\/\/www.embotits.es\/ca\/contacte\/\" aria-label=\"M\u00e9s informaci\u00f3 sobre Contacte\">Llegiu m\u00e9s<\/a><\/p>\n","protected":false},"author":1,"featured_media":0,"parent":0,"menu_order":0,"comment_status":"closed","ping_status":"closed","template":"","meta":{"footnotes":""},"class_list":["post-514","page","type-page","status-publish"],"yoast_head":"<!-- This site is optimized with the Yoast SEO plugin v26.8 - https:\/\/yoast.com\/product\/yoast-seo-wordpress\/ -->\n<title>Contacte - Can Ruart<\/title>\n<meta name=\"description\" content=\"Per qualsevol dubte o consulta que tinguis sobre la carnisseria Can Ruart a Llad\u00f3 o Garrig\u00e0s no dubtis a contactar amb nosaltres.\" \/>\n<meta name=\"robots\" content=\"index, follow, max-snippet:-1, max-image-preview:large, max-video-preview:-1\" \/>\n<link rel=\"canonical\" href=\"https:\/\/www.embotits.es\/contacto\/\" \/>\n<meta property=\"og:locale\" content=\"ca_ES\" \/>\n<meta property=\"og:type\" content=\"article\" \/>\n<meta property=\"og:title\" content=\"Contacte - Can Ruart\" \/>\n<meta property=\"og:description\" content=\"Per qualsevol dubte o consulta que tinguis sobre la carnisseria Can Ruart a Llad\u00f3 o Garrig\u00e0s no dubtis a contactar amb nosaltres.\" \/>\n<meta property=\"og:url\" content=\"https:\/\/www.embotits.es\/contacto\/\" \/>\n<meta property=\"og:site_name\" content=\"Can Ruart\" \/>\n<meta property=\"article:modified_time\" content=\"2023-11-06T12:01:23+00:00\" \/>\n<meta name=\"twitter:card\" content=\"summary_large_image\" \/>\n<script type=\"application\/ld+json\" class=\"yoast-schema-graph\">{\"@context\":\"https:\/\/schema.org\",\"@graph\":[{\"@type\":\"WebPage\",\"@id\":\"https:\/\/www.embotits.es\/contacto\/\",\"url\":\"https:\/\/www.embotits.es\/contacto\/\",\"name\":\"Contacte - Can Ruart\",\"isPartOf\":{\"@id\":\"https:\/\/www.embotits.es\/#website\"},\"datePublished\":\"2023-08-04T12:48:52+00:00\",\"dateModified\":\"2023-11-06T12:01:23+00:00\",\"description\":\"Per qualsevol dubte o consulta que tinguis sobre la carnisseria Can Ruart a Llad\u00f3 o Garrig\u00e0s no dubtis a contactar amb nosaltres.\",\"breadcrumb\":{\"@id\":\"https:\/\/www.embotits.es\/contacto\/#breadcrumb\"},\"inLanguage\":\"ca\",\"potentialAction\":[{\"@type\":\"ReadAction\",\"target\":[\"https:\/\/www.embotits.es\/contacto\/\"]}]},{\"@type\":\"BreadcrumbList\",\"@id\":\"https:\/\/www.embotits.es\/contacto\/#breadcrumb\",\"itemListElement\":[{\"@type\":\"ListItem\",\"position\":1,\"name\":\"Portada\",\"item\":\"https:\/\/www.embotits.es\/ca\/inici\/\"},{\"@type\":\"ListItem\",\"position\":2,\"name\":\"Contacte\"}]},{\"@type\":\"WebSite\",\"@id\":\"https:\/\/www.embotits.es\/#website\",\"url\":\"https:\/\/www.embotits.es\/\",\"name\":\"Can Ruart\",\"description\":\"El rac\u00f3 de l&#039;embotit\",\"publisher\":{\"@id\":\"https:\/\/www.embotits.es\/#organization\"},\"potentialAction\":[{\"@type\":\"SearchAction\",\"target\":{\"@type\":\"EntryPoint\",\"urlTemplate\":\"https:\/\/www.embotits.es\/?s={search_term_string}\"},\"query-input\":{\"@type\":\"PropertyValueSpecification\",\"valueRequired\":true,\"valueName\":\"search_term_string\"}}],\"inLanguage\":\"ca\"},{\"@type\":\"Organization\",\"@id\":\"https:\/\/www.embotits.es\/#organization\",\"name\":\"Can Ruart\",\"url\":\"https:\/\/www.embotits.es\/\",\"logo\":{\"@type\":\"ImageObject\",\"inLanguage\":\"ca\",\"@id\":\"https:\/\/www.embotits.es\/#\/schema\/logo\/image\/\",\"url\":\"https:\/\/www.embotits.es\/wp-content\/uploads\/2023\/08\/logo-Can-Ruart.jpg\",\"contentUrl\":\"https:\/\/www.embotits.es\/wp-content\/uploads\/2023\/08\/logo-Can-Ruart.jpg\",\"width\":806,\"height\":300,\"caption\":\"Can Ruart\"},\"image\":{\"@id\":\"https:\/\/www.embotits.es\/#\/schema\/logo\/image\/\"}}]}<\/script>\n<!-- \/ Yoast SEO plugin. -->","yoast_head_json":{"title":"Contacte - Can Ruart","description":"Per qualsevol dubte o consulta que tinguis sobre la carnisseria Can Ruart a Llad\u00f3 o Garrig\u00e0s no dubtis a contactar amb nosaltres.","robots":{"index":"index","follow":"follow","max-snippet":"max-snippet:-1","max-image-preview":"max-image-preview:large","max-video-preview":"max-video-preview:-1"},"canonical":"https:\/\/www.embotits.es\/contacto\/","og_locale":"ca_ES","og_type":"article","og_title":"Contacte - Can Ruart","og_description":"Per qualsevol dubte o consulta que tinguis sobre la carnisseria Can Ruart a Llad\u00f3 o Garrig\u00e0s no dubtis a contactar amb nosaltres.","og_url":"https:\/\/www.embotits.es\/contacto\/","og_site_name":"Can Ruart","article_modified_time":"2023-11-06T12:01:23+00:00","twitter_card":"summary_large_image","schema":{"@context":"https:\/\/schema.org","@graph":[{"@type":"WebPage","@id":"https:\/\/www.embotits.es\/contacto\/","url":"https:\/\/www.embotits.es\/contacto\/","name":"Contacte - Can Ruart","isPartOf":{"@id":"https:\/\/www.embotits.es\/#website"},"datePublished":"2023-08-04T12:48:52+00:00","dateModified":"2023-11-06T12:01:23+00:00","description":"Per qualsevol dubte o consulta que tinguis sobre la carnisseria Can Ruart a Llad\u00f3 o Garrig\u00e0s no dubtis a contactar amb nosaltres.","breadcrumb":{"@id":"https:\/\/www.embotits.es\/contacto\/#breadcrumb"},"inLanguage":"ca","potentialAction":[{"@type":"ReadAction","target":["https:\/\/www.embotits.es\/contacto\/"]}]},{"@type":"BreadcrumbList","@id":"https:\/\/www.embotits.es\/contacto\/#breadcrumb","itemListElement":[{"@type":"ListItem","position":1,"name":"Portada","item":"https:\/\/www.embotits.es\/ca\/inici\/"},{"@type":"ListItem","position":2,"name":"Contacte"}]},{"@type":"WebSite","@id":"https:\/\/www.embotits.es\/#website","url":"https:\/\/www.embotits.es\/","name":"Can Ruart","description":"El rac\u00f3 de l&#039;embotit","publisher":{"@id":"https:\/\/www.embotits.es\/#organization"},"potentialAction":[{"@type":"SearchAction","target":{"@type":"EntryPoint","urlTemplate":"https:\/\/www.embotits.es\/?s={search_term_string}"},"query-input":{"@type":"PropertyValueSpecification","valueRequired":true,"valueName":"search_term_string"}}],"inLanguage":"ca"},{"@type":"Organization","@id":"https:\/\/www.embotits.es\/#organization","name":"Can Ruart","url":"https:\/\/www.embotits.es\/","logo":{"@type":"ImageObject","inLanguage":"ca","@id":"https:\/\/www.embotits.es\/#\/schema\/logo\/image\/","url":"https:\/\/www.embotits.es\/wp-content\/uploads\/2023\/08\/logo-Can-Ruart.jpg","contentUrl":"https:\/\/www.embotits.es\/wp-content\/uploads\/2023\/08\/logo-Can-Ruart.jpg","width":806,"height":300,"caption":"Can Ruart"},"image":{"@id":"https:\/\/www.embotits.es\/#\/schema\/logo\/image\/"}}]}},"_links":{"self":[{"href":"https:\/\/www.embotits.es\/ca\/wp-json\/wp\/v2\/pages\/514","targetHints":{"allow":["GET"]}}],"collection":[{"href":"https:\/\/www.embotits.es\/ca\/wp-json\/wp\/v2\/pages"}],"about":[{"href":"https:\/\/www.embotits.es\/ca\/wp-json\/wp\/v2\/types\/page"}],"author":[{"embeddable":true,"href":"https:\/\/www.embotits.es\/ca\/wp-json\/wp\/v2\/users\/1"}],"replies":[{"embeddable":true,"href":"https:\/\/www.embotits.es\/ca\/wp-json\/wp\/v2\/comments?post=514"}],"version-history":[{"count":5,"href":"https:\/\/www.embotits.es\/ca\/wp-json\/wp\/v2\/pages\/514\/revisions"}],"predecessor-version":[{"id":693,"href":"https:\/\/www.embotits.es\/ca\/wp-json\/wp\/v2\/pages\/514\/revisions\/693"}],"wp:attachment":[{"href":"https:\/\/www.embotits.es\/ca\/wp-json\/wp\/v2\/media?parent=514"}],"curies":[{"name":"wp","href":"https:\/\/api.w.org\/{rel}","templated":true}]}}