{"id":540,"date":"2023-08-04T14:49:32","date_gmt":"2023-08-04T12:49:32","guid":{"rendered":"https:\/\/www.embotits.es\/historia\/"},"modified":"2023-08-22T17:44:58","modified_gmt":"2023-08-22T15:44:58","slug":"historia","status":"publish","type":"page","link":"https:\/\/www.embotits.es\/ca\/historia\/","title":{"rendered":"Hist\u00f2ria"},"content":{"rendered":"\t\t<div data-elementor-type=\"wp-page\" data-elementor-id=\"540\" class=\"elementor elementor-540 elementor-96\" data-elementor-post-type=\"page\">\n\t\t\t\t\t\t<section class=\"elementor-section elementor-top-section elementor-element elementor-element-8fc5ace elementor-section-height-min-height elementor-section-boxed elementor-section-height-default elementor-section-items-middle\" data-id=\"8fc5ace\" data-element_type=\"section\" data-settings=\"{&quot;background_background&quot;:&quot;classic&quot;}\">\n\t\t\t\t\t\t\t<div class=\"elementor-background-overlay\"><\/div>\n\t\t\t\t\t\t\t<div class=\"elementor-container elementor-column-gap-default\">\n\t\t\t\t\t<div class=\"elementor-column elementor-col-100 elementor-top-column elementor-element elementor-element-f59cb25\" data-id=\"f59cb25\" data-element_type=\"column\">\n\t\t\t<div class=\"elementor-widget-wrap elementor-element-populated\">\n\t\t\t\t\t\t<div class=\"elementor-element elementor-element-bb6b900 elementor-widget elementor-widget-heading\" data-id=\"bb6b900\" data-element_type=\"widget\" data-widget_type=\"heading.default\">\n\t\t\t\t<div class=\"elementor-widget-container\">\n\t\t\t\t\t<h1 class=\"elementor-heading-title elementor-size-default\">Hist\u00f2ria<\/h1>\t\t\t\t<\/div>\n\t\t\t\t<\/div>\n\t\t\t\t\t<\/div>\n\t\t<\/div>\n\t\t\t\t\t<\/div>\n\t\t<\/section>\n\t\t\t\t<section class=\"elementor-section elementor-top-section elementor-element elementor-element-c04f064 elementor-section-boxed elementor-section-height-default elementor-section-height-default\" data-id=\"c04f064\" data-element_type=\"section\">\n\t\t\t\t\t\t<div class=\"elementor-container elementor-column-gap-default\">\n\t\t\t\t\t<div class=\"elementor-column elementor-col-50 elementor-top-column elementor-element elementor-element-687b9bd\" data-id=\"687b9bd\" data-element_type=\"column\">\n\t\t\t<div class=\"elementor-widget-wrap elementor-element-populated\">\n\t\t\t\t\t\t<div class=\"elementor-element elementor-element-2dbcfc3 elementor-widget elementor-widget-heading\" data-id=\"2dbcfc3\" data-element_type=\"widget\" data-widget_type=\"heading.default\">\n\t\t\t\t<div class=\"elementor-widget-container\">\n\t\t\t\t\t<h2 class=\"elementor-heading-title elementor-size-default\">Inicis<\/h2>\t\t\t\t<\/div>\n\t\t\t\t<\/div>\n\t\t\t\t<div class=\"elementor-element elementor-element-fac1cb8 elementor-widget elementor-widget-text-editor\" data-id=\"fac1cb8\" data-element_type=\"widget\" data-widget_type=\"text-editor.default\">\n\t\t\t\t<div class=\"elementor-widget-container\">\n\t\t\t\t\t\t\t\t\t<div>El 1939 en Tonet va anar a aprendre l\u2019ofici de ben jove i va tornar a Garrig\u00e0s on, juntament amb la Merc\u00e8, la seva dona, van decidir obrir una modesta botiga a l\u2019entrada de la casa on vivien. En els seus inicis nom\u00e9s es dedicaven a la venda de carn que compraven als ramaders de la zona per\u00f2, ben aviat, van anar adquirint coneixements per elaborar altres productes.<\/div>\n<div>Els seus tres fills s\u2019anaren incorporant al negoci familiar per\u00f2 nom\u00e9s el fill, en Miquel, es va quedar al poble.<\/div>\n\t\t\t\t\t\t\t\t<\/div>\n\t\t\t\t<\/div>\n\t\t\t\t\t<\/div>\n\t\t<\/div>\n\t\t\t\t<div class=\"elementor-column elementor-col-50 elementor-top-column elementor-element elementor-element-2f9dcf8\" data-id=\"2f9dcf8\" data-element_type=\"column\">\n\t\t\t<div class=\"elementor-widget-wrap elementor-element-populated\">\n\t\t\t\t\t\t<div class=\"elementor-element elementor-element-87a6729 elementor-widget elementor-widget-image\" data-id=\"87a6729\" data-element_type=\"widget\" data-widget_type=\"image.default\">\n\t\t\t\t<div class=\"elementor-widget-container\">\n\t\t\t\t\t\t\t\t\t\t\t\t\t\t\t<img fetchpriority=\"high\" decoding=\"async\" width=\"1024\" height=\"505\" src=\"https:\/\/www.embotits.es\/wp-content\/uploads\/2023\/08\/carnisseria-can-ruart_garrigas-1024x505.jpg\" class=\"attachment-large size-large wp-image-231\" alt=\"\" srcset=\"https:\/\/www.embotits.es\/wp-content\/uploads\/2023\/08\/carnisseria-can-ruart_garrigas-1024x505.jpg 1024w, https:\/\/www.embotits.es\/wp-content\/uploads\/2023\/08\/carnisseria-can-ruart_garrigas-300x148.jpg 300w, https:\/\/www.embotits.es\/wp-content\/uploads\/2023\/08\/carnisseria-can-ruart_garrigas-768x379.jpg 768w, https:\/\/www.embotits.es\/wp-content\/uploads\/2023\/08\/carnisseria-can-ruart_garrigas-1536x758.jpg 1536w, https:\/\/www.embotits.es\/wp-content\/uploads\/2023\/08\/carnisseria-can-ruart_garrigas.jpg 1837w\" sizes=\"(max-width: 1024px) 100vw, 1024px\" \/>\t\t\t\t\t\t\t\t\t\t\t\t\t\t\t<\/div>\n\t\t\t\t<\/div>\n\t\t\t\t\t<\/div>\n\t\t<\/div>\n\t\t\t\t\t<\/div>\n\t\t<\/section>\n\t\t\t\t<section class=\"elementor-section elementor-top-section elementor-element elementor-element-3b466d8 elementor-reverse-mobile elementor-section-boxed elementor-section-height-default elementor-section-height-default\" data-id=\"3b466d8\" data-element_type=\"section\">\n\t\t\t\t\t\t<div class=\"elementor-container elementor-column-gap-default\">\n\t\t\t\t\t<div class=\"elementor-column elementor-col-50 elementor-top-column elementor-element elementor-element-860f82b\" data-id=\"860f82b\" data-element_type=\"column\">\n\t\t\t<div class=\"elementor-widget-wrap elementor-element-populated\">\n\t\t\t\t\t\t<div class=\"elementor-element elementor-element-b5693b3 elementor-widget elementor-widget-image\" data-id=\"b5693b3\" data-element_type=\"widget\" data-widget_type=\"image.default\">\n\t\t\t\t<div class=\"elementor-widget-container\">\n\t\t\t\t\t\t\t\t\t\t\t\t\t\t\t<img decoding=\"async\" width=\"1024\" height=\"516\" src=\"https:\/\/www.embotits.es\/wp-content\/uploads\/2023\/08\/can-ruart-garrigas_1-1024x516.jpg\" class=\"attachment-large size-large wp-image-230\" alt=\"\" srcset=\"https:\/\/www.embotits.es\/wp-content\/uploads\/2023\/08\/can-ruart-garrigas_1-1024x516.jpg 1024w, https:\/\/www.embotits.es\/wp-content\/uploads\/2023\/08\/can-ruart-garrigas_1-300x151.jpg 300w, https:\/\/www.embotits.es\/wp-content\/uploads\/2023\/08\/can-ruart-garrigas_1-768x387.jpg 768w, https:\/\/www.embotits.es\/wp-content\/uploads\/2023\/08\/can-ruart-garrigas_1.jpg 1429w\" sizes=\"(max-width: 1024px) 100vw, 1024px\" \/>\t\t\t\t\t\t\t\t\t\t\t\t\t\t\t<\/div>\n\t\t\t\t<\/div>\n\t\t\t\t\t<\/div>\n\t\t<\/div>\n\t\t\t\t<div class=\"elementor-column elementor-col-50 elementor-top-column elementor-element elementor-element-07a9e0f\" data-id=\"07a9e0f\" data-element_type=\"column\">\n\t\t\t<div class=\"elementor-widget-wrap elementor-element-populated\">\n\t\t\t\t\t\t<div class=\"elementor-element elementor-element-75c92cb elementor-widget elementor-widget-heading\" data-id=\"75c92cb\" data-element_type=\"widget\" data-widget_type=\"heading.default\">\n\t\t\t\t<div class=\"elementor-widget-container\">\n\t\t\t\t\t<h2 class=\"elementor-heading-title elementor-size-default\">Carnisseria Miquel i Cati<\/h2>\t\t\t\t<\/div>\n\t\t\t\t<\/div>\n\t\t\t\t<div class=\"elementor-element elementor-element-a8e9858 elementor-widget elementor-widget-text-editor\" data-id=\"a8e9858\" data-element_type=\"widget\" data-widget_type=\"text-editor.default\">\n\t\t\t\t<div class=\"elementor-widget-container\">\n\t\t\t\t\t\t\t\t\t<p>EL 1977 en Miquel i la seva dona, la Cati, es posen al capdavant del negoci. La nova generaci\u00f3, per poder ampliar el seu ventall de productes, fan m\u00e0sters d\u2019embotits cuits i curats. M\u00e9s endavant tamb\u00e9 es dediquen a fer plats cuinats, amb les receptes de l\u2019\u00e0via, capa\u00e7os de satisfer els paladars m\u00e9s exigents.<\/p>\n\t\t\t\t\t\t\t\t<\/div>\n\t\t\t\t<\/div>\n\t\t\t\t\t<\/div>\n\t\t<\/div>\n\t\t\t\t\t<\/div>\n\t\t<\/section>\n\t\t\t\t<section class=\"elementor-section elementor-top-section elementor-element elementor-element-4e9a2e2 elementor-section-boxed elementor-section-height-default elementor-section-height-default\" data-id=\"4e9a2e2\" data-element_type=\"section\">\n\t\t\t\t\t\t<div class=\"elementor-container elementor-column-gap-default\">\n\t\t\t\t\t<div class=\"elementor-column elementor-col-50 elementor-top-column elementor-element elementor-element-01c76fc\" data-id=\"01c76fc\" data-element_type=\"column\">\n\t\t\t<div class=\"elementor-widget-wrap elementor-element-populated\">\n\t\t\t\t\t\t<div class=\"elementor-element elementor-element-2ffd0f3 elementor-widget elementor-widget-heading\" data-id=\"2ffd0f3\" data-element_type=\"widget\" data-widget_type=\"heading.default\">\n\t\t\t\t<div class=\"elementor-widget-container\">\n\t\t\t\t\t<h2 class=\"elementor-heading-title elementor-size-default\">Web i Can Ruart<\/h2>\t\t\t\t<\/div>\n\t\t\t\t<\/div>\n\t\t\t\t<div class=\"elementor-element elementor-element-f29b4db elementor-widget elementor-widget-text-editor\" data-id=\"f29b4db\" data-element_type=\"widget\" data-widget_type=\"text-editor.default\">\n\t\t\t\t<div class=\"elementor-widget-container\">\n\t\t\t\t\t\t\t\t\t<p>El 2010,despr\u00e9s d&#8217;haver estudiat i treballat en altres sectors, ens incorporem al negoci familiar la tercera generaci\u00f3, l&#8217;\u00d2scar i l&#8217;Eva, canviant el nom de la botiga a Can Ruart. Durant aquests anys s&#8217;han condicionat les instal\u00b7lacions per optimitzar els processos i aconseguir el RSIPAC per vendre embotits a altres establiments amb el nom <em>Can Ruart<\/em>. A m\u00e9s, es porta a terme aquest web per facilitar la compra als nostres clients i donar-nos a con\u00e8ixer.<\/p>\n\t\t\t\t\t\t\t\t<\/div>\n\t\t\t\t<\/div>\n\t\t\t\t\t<\/div>\n\t\t<\/div>\n\t\t\t\t<div class=\"elementor-column elementor-col-50 elementor-top-column elementor-element elementor-element-530a060\" data-id=\"530a060\" data-element_type=\"column\">\n\t\t\t<div class=\"elementor-widget-wrap elementor-element-populated\">\n\t\t\t\t\t\t<div class=\"elementor-element elementor-element-b69be75 elementor-widget elementor-widget-image\" data-id=\"b69be75\" data-element_type=\"widget\" data-widget_type=\"image.default\">\n\t\t\t\t<div class=\"elementor-widget-container\">\n\t\t\t\t\t\t\t\t\t\t\t\t\t\t\t<img decoding=\"async\" width=\"680\" height=\"510\" src=\"https:\/\/www.embotits.es\/wp-content\/uploads\/2023\/08\/can-ruart-llado_2.jpg\" class=\"attachment-large size-large wp-image-284\" alt=\"\" srcset=\"https:\/\/www.embotits.es\/wp-content\/uploads\/2023\/08\/can-ruart-llado_2.jpg 680w, https:\/\/www.embotits.es\/wp-content\/uploads\/2023\/08\/can-ruart-llado_2-300x225.jpg 300w\" sizes=\"(max-width: 680px) 100vw, 680px\" \/>\t\t\t\t\t\t\t\t\t\t\t\t\t\t\t<\/div>\n\t\t\t\t<\/div>\n\t\t\t\t\t<\/div>\n\t\t<\/div>\n\t\t\t\t\t<\/div>\n\t\t<\/section>\n\t\t\t\t<section class=\"elementor-section elementor-top-section elementor-element elementor-element-73b5465 elementor-reverse-mobile elementor-section-boxed elementor-section-height-default elementor-section-height-default\" data-id=\"73b5465\" data-element_type=\"section\">\n\t\t\t\t\t\t<div class=\"elementor-container elementor-column-gap-default\">\n\t\t\t\t\t<div class=\"elementor-column elementor-col-50 elementor-top-column elementor-element elementor-element-7a5b8f6\" data-id=\"7a5b8f6\" data-element_type=\"column\">\n\t\t\t<div class=\"elementor-widget-wrap elementor-element-populated\">\n\t\t\t\t\t\t<div class=\"elementor-element elementor-element-eb3b1ef elementor-widget elementor-widget-image\" data-id=\"eb3b1ef\" data-element_type=\"widget\" data-widget_type=\"image.default\">\n\t\t\t\t<div class=\"elementor-widget-container\">\n\t\t\t\t\t\t\t\t\t\t\t\t\t\t\t<img loading=\"lazy\" decoding=\"async\" width=\"680\" height=\"510\" src=\"https:\/\/www.embotits.es\/wp-content\/uploads\/2023\/08\/can-ruart-llado.jpg\" class=\"attachment-large size-large wp-image-232\" alt=\"\" srcset=\"https:\/\/www.embotits.es\/wp-content\/uploads\/2023\/08\/can-ruart-llado.jpg 680w, https:\/\/www.embotits.es\/wp-content\/uploads\/2023\/08\/can-ruart-llado-300x225.jpg 300w\" sizes=\"(max-width: 680px) 100vw, 680px\" \/>\t\t\t\t\t\t\t\t\t\t\t\t\t\t\t<\/div>\n\t\t\t\t<\/div>\n\t\t\t\t\t<\/div>\n\t\t<\/div>\n\t\t\t\t<div class=\"elementor-column elementor-col-50 elementor-top-column elementor-element elementor-element-4864b21\" data-id=\"4864b21\" data-element_type=\"column\">\n\t\t\t<div class=\"elementor-widget-wrap elementor-element-populated\">\n\t\t\t\t\t\t<div class=\"elementor-element elementor-element-63ed078 elementor-widget elementor-widget-heading\" data-id=\"63ed078\" data-element_type=\"widget\" data-widget_type=\"heading.default\">\n\t\t\t\t<div class=\"elementor-widget-container\">\n\t\t\t\t\t<h2 class=\"elementor-heading-title elementor-size-default\">Nova carnisseria a Llad\u00f3<\/h2>\t\t\t\t<\/div>\n\t\t\t\t<\/div>\n\t\t\t\t<div class=\"elementor-element elementor-element-80ff975 elementor-widget elementor-widget-text-editor\" data-id=\"80ff975\" data-element_type=\"widget\" data-widget_type=\"text-editor.default\">\n\t\t\t\t<div class=\"elementor-widget-container\">\n\t\t\t\t\t\t\t\t\t<div>El 2020 decimin obrir una botiga a Llad\u00f3, el poble on va n\u00e9ixer l&#8217;\u00d2scar. Tenim la sort d&#8217;incorporar al nostre equip a la Mont Adroher que \u00e9s la persona que porta la botiga des del 25 d&#8217;agost del mateix any.<\/div>\n<div>Aquesta botiga s&#8217;ha ubicat dins del que havia sigut la galeria d&#8217;art de l&#8217;artista Mois\u00e8s Sidrach. Aix\u00f2 fa que encara hi hagi obra d&#8217;aquest artista polifac\u00e8tic i que, a m\u00e9s, es doni la oportunitat a altres artistes de l&#8217;entorn d&#8217;exposar les seves obres. La podeu visitar en horari de botiga.<\/div>\n\t\t\t\t\t\t\t\t<\/div>\n\t\t\t\t<\/div>\n\t\t\t\t\t<\/div>\n\t\t<\/div>\n\t\t\t\t\t<\/div>\n\t\t<\/section>\n\t\t\t\t<\/div>\n\t\t","protected":false},"excerpt":{"rendered":"<p>Inicis El 1939 en Tonet va anar a aprendre l\u2019ofici de ben jove i va tornar a Garrig\u00e0s on, juntament amb la Merc\u00e8, la seva dona, van decidir obrir una modesta botiga a l\u2019entrada de la casa on vivien. En els seus inicis nom\u00e9s es dedicaven a la venda de carn que compraven als ramaders &#8230; <a title=\"Hist\u00f2ria\" class=\"read-more\" href=\"https:\/\/www.embotits.es\/ca\/historia\/\" aria-label=\"M\u00e9s informaci\u00f3 sobre Hist\u00f2ria\">Llegiu m\u00e9s<\/a><\/p>\n","protected":false},"author":1,"featured_media":0,"parent":0,"menu_order":0,"comment_status":"closed","ping_status":"closed","template":"","meta":{"footnotes":""},"class_list":["post-540","page","type-page","status-publish"],"yoast_head":"<!-- This site is optimized with the Yoast SEO plugin v26.8 - https:\/\/yoast.com\/product\/yoast-seo-wordpress\/ -->\n<title>Hist\u00f2ria - Can Ruart<\/title>\n<meta name=\"description\" content=\"El 1939 Tonet va anar a aprendre l&#039;ofici i va tornar a Garrig\u00e0s on, juntament amb la Merc\u00e8, la seva dona, va decidir obrir una modesta carnisseria.\" \/>\n<meta name=\"robots\" content=\"index, follow, max-snippet:-1, max-image-preview:large, max-video-preview:-1\" \/>\n<link rel=\"canonical\" href=\"https:\/\/www.embotits.es\/historia\/\" \/>\n<meta property=\"og:locale\" content=\"ca_ES\" \/>\n<meta property=\"og:type\" content=\"article\" \/>\n<meta property=\"og:title\" content=\"Hist\u00f2ria - Can Ruart\" \/>\n<meta property=\"og:description\" content=\"El 1939 Tonet va anar a aprendre l&#039;ofici i va tornar a Garrig\u00e0s on, juntament amb la Merc\u00e8, la seva dona, va decidir obrir una modesta carnisseria.\" \/>\n<meta property=\"og:url\" content=\"https:\/\/www.embotits.es\/historia\/\" \/>\n<meta property=\"og:site_name\" content=\"Can Ruart\" \/>\n<meta property=\"article:modified_time\" content=\"2023-08-22T15:44:58+00:00\" \/>\n<meta property=\"og:image\" content=\"https:\/\/www.embotits.es\/wp-content\/uploads\/2023\/08\/carnisseria-can-ruart_garrigas-1024x505.jpg\" \/>\n<meta name=\"twitter:card\" content=\"summary_large_image\" \/>\n<meta name=\"twitter:label1\" content=\"Temps estimat de lectura\" \/>\n\t<meta name=\"twitter:data1\" content=\"2 minuts\" \/>\n<script type=\"application\/ld+json\" class=\"yoast-schema-graph\">{\"@context\":\"https:\/\/schema.org\",\"@graph\":[{\"@type\":\"WebPage\",\"@id\":\"https:\/\/www.embotits.es\/historia\/\",\"url\":\"https:\/\/www.embotits.es\/historia\/\",\"name\":\"Hist\u00f2ria - Can Ruart\",\"isPartOf\":{\"@id\":\"https:\/\/www.embotits.es\/#website\"},\"primaryImageOfPage\":{\"@id\":\"https:\/\/www.embotits.es\/historia\/#primaryimage\"},\"image\":{\"@id\":\"https:\/\/www.embotits.es\/historia\/#primaryimage\"},\"thumbnailUrl\":\"https:\/\/www.embotits.es\/wp-content\/uploads\/2023\/08\/carnisseria-can-ruart_garrigas-1024x505.jpg\",\"datePublished\":\"2023-08-04T12:49:32+00:00\",\"dateModified\":\"2023-08-22T15:44:58+00:00\",\"description\":\"El 1939 Tonet va anar a aprendre l'ofici i va tornar a Garrig\u00e0s on, juntament amb la Merc\u00e8, la seva dona, va decidir obrir una modesta carnisseria.\",\"breadcrumb\":{\"@id\":\"https:\/\/www.embotits.es\/historia\/#breadcrumb\"},\"inLanguage\":\"ca\",\"potentialAction\":[{\"@type\":\"ReadAction\",\"target\":[\"https:\/\/www.embotits.es\/historia\/\"]}]},{\"@type\":\"ImageObject\",\"inLanguage\":\"ca\",\"@id\":\"https:\/\/www.embotits.es\/historia\/#primaryimage\",\"url\":\"https:\/\/www.embotits.es\/wp-content\/uploads\/2023\/08\/carnisseria-can-ruart_garrigas-1024x505.jpg\",\"contentUrl\":\"https:\/\/www.embotits.es\/wp-content\/uploads\/2023\/08\/carnisseria-can-ruart_garrigas-1024x505.jpg\"},{\"@type\":\"BreadcrumbList\",\"@id\":\"https:\/\/www.embotits.es\/historia\/#breadcrumb\",\"itemListElement\":[{\"@type\":\"ListItem\",\"position\":1,\"name\":\"Portada\",\"item\":\"https:\/\/www.embotits.es\/ca\/inici\/\"},{\"@type\":\"ListItem\",\"position\":2,\"name\":\"Hist\u00f2ria\"}]},{\"@type\":\"WebSite\",\"@id\":\"https:\/\/www.embotits.es\/#website\",\"url\":\"https:\/\/www.embotits.es\/\",\"name\":\"Can Ruart\",\"description\":\"El rac\u00f3 de l&#039;embotit\",\"publisher\":{\"@id\":\"https:\/\/www.embotits.es\/#organization\"},\"potentialAction\":[{\"@type\":\"SearchAction\",\"target\":{\"@type\":\"EntryPoint\",\"urlTemplate\":\"https:\/\/www.embotits.es\/?s={search_term_string}\"},\"query-input\":{\"@type\":\"PropertyValueSpecification\",\"valueRequired\":true,\"valueName\":\"search_term_string\"}}],\"inLanguage\":\"ca\"},{\"@type\":\"Organization\",\"@id\":\"https:\/\/www.embotits.es\/#organization\",\"name\":\"Can Ruart\",\"url\":\"https:\/\/www.embotits.es\/\",\"logo\":{\"@type\":\"ImageObject\",\"inLanguage\":\"ca\",\"@id\":\"https:\/\/www.embotits.es\/#\/schema\/logo\/image\/\",\"url\":\"https:\/\/www.embotits.es\/wp-content\/uploads\/2023\/08\/logo-Can-Ruart.jpg\",\"contentUrl\":\"https:\/\/www.embotits.es\/wp-content\/uploads\/2023\/08\/logo-Can-Ruart.jpg\",\"width\":806,\"height\":300,\"caption\":\"Can Ruart\"},\"image\":{\"@id\":\"https:\/\/www.embotits.es\/#\/schema\/logo\/image\/\"}}]}<\/script>\n<!-- \/ Yoast SEO plugin. -->","yoast_head_json":{"title":"Hist\u00f2ria - Can Ruart","description":"El 1939 Tonet va anar a aprendre l'ofici i va tornar a Garrig\u00e0s on, juntament amb la Merc\u00e8, la seva dona, va decidir obrir una modesta carnisseria.","robots":{"index":"index","follow":"follow","max-snippet":"max-snippet:-1","max-image-preview":"max-image-preview:large","max-video-preview":"max-video-preview:-1"},"canonical":"https:\/\/www.embotits.es\/historia\/","og_locale":"ca_ES","og_type":"article","og_title":"Hist\u00f2ria - Can Ruart","og_description":"El 1939 Tonet va anar a aprendre l'ofici i va tornar a Garrig\u00e0s on, juntament amb la Merc\u00e8, la seva dona, va decidir obrir una modesta carnisseria.","og_url":"https:\/\/www.embotits.es\/historia\/","og_site_name":"Can Ruart","article_modified_time":"2023-08-22T15:44:58+00:00","og_image":[{"url":"https:\/\/www.embotits.es\/wp-content\/uploads\/2023\/08\/carnisseria-can-ruart_garrigas-1024x505.jpg","type":"","width":"","height":""}],"twitter_card":"summary_large_image","twitter_misc":{"Temps estimat de lectura":"2 minuts"},"schema":{"@context":"https:\/\/schema.org","@graph":[{"@type":"WebPage","@id":"https:\/\/www.embotits.es\/historia\/","url":"https:\/\/www.embotits.es\/historia\/","name":"Hist\u00f2ria - Can Ruart","isPartOf":{"@id":"https:\/\/www.embotits.es\/#website"},"primaryImageOfPage":{"@id":"https:\/\/www.embotits.es\/historia\/#primaryimage"},"image":{"@id":"https:\/\/www.embotits.es\/historia\/#primaryimage"},"thumbnailUrl":"https:\/\/www.embotits.es\/wp-content\/uploads\/2023\/08\/carnisseria-can-ruart_garrigas-1024x505.jpg","datePublished":"2023-08-04T12:49:32+00:00","dateModified":"2023-08-22T15:44:58+00:00","description":"El 1939 Tonet va anar a aprendre l'ofici i va tornar a Garrig\u00e0s on, juntament amb la Merc\u00e8, la seva dona, va decidir obrir una modesta carnisseria.","breadcrumb":{"@id":"https:\/\/www.embotits.es\/historia\/#breadcrumb"},"inLanguage":"ca","potentialAction":[{"@type":"ReadAction","target":["https:\/\/www.embotits.es\/historia\/"]}]},{"@type":"ImageObject","inLanguage":"ca","@id":"https:\/\/www.embotits.es\/historia\/#primaryimage","url":"https:\/\/www.embotits.es\/wp-content\/uploads\/2023\/08\/carnisseria-can-ruart_garrigas-1024x505.jpg","contentUrl":"https:\/\/www.embotits.es\/wp-content\/uploads\/2023\/08\/carnisseria-can-ruart_garrigas-1024x505.jpg"},{"@type":"BreadcrumbList","@id":"https:\/\/www.embotits.es\/historia\/#breadcrumb","itemListElement":[{"@type":"ListItem","position":1,"name":"Portada","item":"https:\/\/www.embotits.es\/ca\/inici\/"},{"@type":"ListItem","position":2,"name":"Hist\u00f2ria"}]},{"@type":"WebSite","@id":"https:\/\/www.embotits.es\/#website","url":"https:\/\/www.embotits.es\/","name":"Can Ruart","description":"El rac\u00f3 de l&#039;embotit","publisher":{"@id":"https:\/\/www.embotits.es\/#organization"},"potentialAction":[{"@type":"SearchAction","target":{"@type":"EntryPoint","urlTemplate":"https:\/\/www.embotits.es\/?s={search_term_string}"},"query-input":{"@type":"PropertyValueSpecification","valueRequired":true,"valueName":"search_term_string"}}],"inLanguage":"ca"},{"@type":"Organization","@id":"https:\/\/www.embotits.es\/#organization","name":"Can Ruart","url":"https:\/\/www.embotits.es\/","logo":{"@type":"ImageObject","inLanguage":"ca","@id":"https:\/\/www.embotits.es\/#\/schema\/logo\/image\/","url":"https:\/\/www.embotits.es\/wp-content\/uploads\/2023\/08\/logo-Can-Ruart.jpg","contentUrl":"https:\/\/www.embotits.es\/wp-content\/uploads\/2023\/08\/logo-Can-Ruart.jpg","width":806,"height":300,"caption":"Can Ruart"},"image":{"@id":"https:\/\/www.embotits.es\/#\/schema\/logo\/image\/"}}]}},"_links":{"self":[{"href":"https:\/\/www.embotits.es\/ca\/wp-json\/wp\/v2\/pages\/540","targetHints":{"allow":["GET"]}}],"collection":[{"href":"https:\/\/www.embotits.es\/ca\/wp-json\/wp\/v2\/pages"}],"about":[{"href":"https:\/\/www.embotits.es\/ca\/wp-json\/wp\/v2\/types\/page"}],"author":[{"embeddable":true,"href":"https:\/\/www.embotits.es\/ca\/wp-json\/wp\/v2\/users\/1"}],"replies":[{"embeddable":true,"href":"https:\/\/www.embotits.es\/ca\/wp-json\/wp\/v2\/comments?post=540"}],"version-history":[{"count":3,"href":"https:\/\/www.embotits.es\/ca\/wp-json\/wp\/v2\/pages\/540\/revisions"}],"predecessor-version":[{"id":613,"href":"https:\/\/www.embotits.es\/ca\/wp-json\/wp\/v2\/pages\/540\/revisions\/613"}],"wp:attachment":[{"href":"https:\/\/www.embotits.es\/ca\/wp-json\/wp\/v2\/media?parent=540"}],"curies":[{"name":"wp","href":"https:\/\/api.w.org\/{rel}","templated":true}]}}