{"id":553,"date":"2023-08-04T14:49:32","date_gmt":"2023-08-04T12:49:32","guid":{"rendered":"https:\/\/www.embotits.es\/histoire\/"},"modified":"2023-08-22T17:44:58","modified_gmt":"2023-08-22T15:44:58","slug":"histoire","status":"publish","type":"page","link":"https:\/\/www.embotits.es\/fr\/histoire\/","title":{"rendered":"Histoire"},"content":{"rendered":"\t\t<div data-elementor-type=\"wp-page\" data-elementor-id=\"553\" class=\"elementor elementor-553 elementor-96\" data-elementor-post-type=\"page\">\n\t\t\t\t\t\t<section class=\"elementor-section elementor-top-section elementor-element elementor-element-8fc5ace elementor-section-height-min-height elementor-section-boxed elementor-section-height-default elementor-section-items-middle\" data-id=\"8fc5ace\" data-element_type=\"section\" data-settings=\"{&quot;background_background&quot;:&quot;classic&quot;}\">\n\t\t\t\t\t\t\t<div class=\"elementor-background-overlay\"><\/div>\n\t\t\t\t\t\t\t<div class=\"elementor-container elementor-column-gap-default\">\n\t\t\t\t\t<div class=\"elementor-column elementor-col-100 elementor-top-column elementor-element elementor-element-f59cb25\" data-id=\"f59cb25\" data-element_type=\"column\">\n\t\t\t<div class=\"elementor-widget-wrap elementor-element-populated\">\n\t\t\t\t\t\t<div class=\"elementor-element elementor-element-bb6b900 elementor-widget elementor-widget-heading\" data-id=\"bb6b900\" data-element_type=\"widget\" data-widget_type=\"heading.default\">\n\t\t\t\t<div class=\"elementor-widget-container\">\n\t\t\t\t\t<h1 class=\"elementor-heading-title elementor-size-default\">Histoire<\/h1>\t\t\t\t<\/div>\n\t\t\t\t<\/div>\n\t\t\t\t\t<\/div>\n\t\t<\/div>\n\t\t\t\t\t<\/div>\n\t\t<\/section>\n\t\t\t\t<section class=\"elementor-section elementor-top-section elementor-element elementor-element-c04f064 elementor-section-boxed elementor-section-height-default elementor-section-height-default\" data-id=\"c04f064\" data-element_type=\"section\">\n\t\t\t\t\t\t<div class=\"elementor-container elementor-column-gap-default\">\n\t\t\t\t\t<div class=\"elementor-column elementor-col-50 elementor-top-column elementor-element elementor-element-687b9bd\" data-id=\"687b9bd\" data-element_type=\"column\">\n\t\t\t<div class=\"elementor-widget-wrap elementor-element-populated\">\n\t\t\t\t\t\t<div class=\"elementor-element elementor-element-2dbcfc3 elementor-widget elementor-widget-heading\" data-id=\"2dbcfc3\" data-element_type=\"widget\" data-widget_type=\"heading.default\">\n\t\t\t\t<div class=\"elementor-widget-container\">\n\t\t\t\t\t<h2 class=\"elementor-heading-title elementor-size-default\">Commencement<\/h2>\t\t\t\t<\/div>\n\t\t\t\t<\/div>\n\t\t\t\t<div class=\"elementor-element elementor-element-fac1cb8 elementor-widget elementor-widget-text-editor\" data-id=\"fac1cb8\" data-element_type=\"widget\" data-widget_type=\"text-editor.default\">\n\t\t\t\t<div class=\"elementor-widget-container\">\n\t\t\t\t\t\t\t\t\t<div>En 1939, Tonet part apprendre le m\u00e9tier et retourne \u00e0 Garrig\u00e0s o\u00f9, avec Merc\u00e8, son \u00e9pouse, il d\u00e9cide d&rsquo;ouvrir une modeste boutique \u00e0 l&rsquo;entr\u00e9e de la maison o\u00f9 ils habitaient. Au d\u00e9but, ils vendaient uniquement de la viande qu&rsquo;ils achetaient aux agriculteurs de la r\u00e9gion, mais ils ont rapidement acquis des connaissances pour fabriquer d&rsquo;autres produits.<\/div>\n<div>Ses trois enfants rejoignirent progressivement l&rsquo;entreprise familiale, mais seul le fils, Miquel, resta dans la ville.<\/div>\n\t\t\t\t\t\t\t\t<\/div>\n\t\t\t\t<\/div>\n\t\t\t\t\t<\/div>\n\t\t<\/div>\n\t\t\t\t<div class=\"elementor-column elementor-col-50 elementor-top-column elementor-element elementor-element-2f9dcf8\" data-id=\"2f9dcf8\" data-element_type=\"column\">\n\t\t\t<div class=\"elementor-widget-wrap elementor-element-populated\">\n\t\t\t\t\t\t<div class=\"elementor-element elementor-element-87a6729 elementor-widget elementor-widget-image\" data-id=\"87a6729\" data-element_type=\"widget\" data-widget_type=\"image.default\">\n\t\t\t\t<div class=\"elementor-widget-container\">\n\t\t\t\t\t\t\t\t\t\t\t\t\t\t\t<img fetchpriority=\"high\" decoding=\"async\" width=\"1024\" height=\"505\" src=\"https:\/\/www.embotits.es\/wp-content\/uploads\/2023\/08\/carnisseria-can-ruart_garrigas-1024x505.jpg\" class=\"attachment-large size-large wp-image-231\" alt=\"\" srcset=\"https:\/\/www.embotits.es\/wp-content\/uploads\/2023\/08\/carnisseria-can-ruart_garrigas-1024x505.jpg 1024w, https:\/\/www.embotits.es\/wp-content\/uploads\/2023\/08\/carnisseria-can-ruart_garrigas-300x148.jpg 300w, https:\/\/www.embotits.es\/wp-content\/uploads\/2023\/08\/carnisseria-can-ruart_garrigas-768x379.jpg 768w, https:\/\/www.embotits.es\/wp-content\/uploads\/2023\/08\/carnisseria-can-ruart_garrigas-1536x758.jpg 1536w, https:\/\/www.embotits.es\/wp-content\/uploads\/2023\/08\/carnisseria-can-ruart_garrigas.jpg 1837w\" sizes=\"(max-width: 1024px) 100vw, 1024px\" \/>\t\t\t\t\t\t\t\t\t\t\t\t\t\t\t<\/div>\n\t\t\t\t<\/div>\n\t\t\t\t\t<\/div>\n\t\t<\/div>\n\t\t\t\t\t<\/div>\n\t\t<\/section>\n\t\t\t\t<section class=\"elementor-section elementor-top-section elementor-element elementor-element-3b466d8 elementor-reverse-mobile elementor-section-boxed elementor-section-height-default elementor-section-height-default\" data-id=\"3b466d8\" data-element_type=\"section\">\n\t\t\t\t\t\t<div class=\"elementor-container elementor-column-gap-default\">\n\t\t\t\t\t<div class=\"elementor-column elementor-col-50 elementor-top-column elementor-element elementor-element-860f82b\" data-id=\"860f82b\" data-element_type=\"column\">\n\t\t\t<div class=\"elementor-widget-wrap elementor-element-populated\">\n\t\t\t\t\t\t<div class=\"elementor-element elementor-element-b5693b3 elementor-widget elementor-widget-image\" data-id=\"b5693b3\" data-element_type=\"widget\" data-widget_type=\"image.default\">\n\t\t\t\t<div class=\"elementor-widget-container\">\n\t\t\t\t\t\t\t\t\t\t\t\t\t\t\t<img decoding=\"async\" width=\"1024\" height=\"516\" src=\"https:\/\/www.embotits.es\/wp-content\/uploads\/2023\/08\/can-ruart-garrigas_1-1024x516.jpg\" class=\"attachment-large size-large wp-image-230\" alt=\"\" srcset=\"https:\/\/www.embotits.es\/wp-content\/uploads\/2023\/08\/can-ruart-garrigas_1-1024x516.jpg 1024w, https:\/\/www.embotits.es\/wp-content\/uploads\/2023\/08\/can-ruart-garrigas_1-300x151.jpg 300w, https:\/\/www.embotits.es\/wp-content\/uploads\/2023\/08\/can-ruart-garrigas_1-768x387.jpg 768w, https:\/\/www.embotits.es\/wp-content\/uploads\/2023\/08\/can-ruart-garrigas_1.jpg 1429w\" sizes=\"(max-width: 1024px) 100vw, 1024px\" \/>\t\t\t\t\t\t\t\t\t\t\t\t\t\t\t<\/div>\n\t\t\t\t<\/div>\n\t\t\t\t\t<\/div>\n\t\t<\/div>\n\t\t\t\t<div class=\"elementor-column elementor-col-50 elementor-top-column elementor-element elementor-element-07a9e0f\" data-id=\"07a9e0f\" data-element_type=\"column\">\n\t\t\t<div class=\"elementor-widget-wrap elementor-element-populated\">\n\t\t\t\t\t\t<div class=\"elementor-element elementor-element-75c92cb elementor-widget elementor-widget-heading\" data-id=\"75c92cb\" data-element_type=\"widget\" data-widget_type=\"heading.default\">\n\t\t\t\t<div class=\"elementor-widget-container\">\n\t\t\t\t\t<h2 class=\"elementor-heading-title elementor-size-default\">Boucherie Miquel et Cati<\/h2>\t\t\t\t<\/div>\n\t\t\t\t<\/div>\n\t\t\t\t<div class=\"elementor-element elementor-element-a8e9858 elementor-widget elementor-widget-text-editor\" data-id=\"a8e9858\" data-element_type=\"widget\" data-widget_type=\"text-editor.default\">\n\t\t\t\t<div class=\"elementor-widget-container\">\n\t\t\t\t\t\t\t\t\t<p>En octobre 1977, Miquel et son \u00e9pouse Cati reprennent l&rsquo;entreprise. La nouvelle g\u00e9n\u00e9ration, afin d&rsquo;\u00e9largir sa gamme de produits, devient ma\u00eetre du saucisson cuit et salaisonn\u00e9. Plus tard, ils se sont \u00e9galement consacr\u00e9s \u00e0 l&rsquo;\u00e9laboration de plats cuisin\u00e9s, avec des recettes de grand-m\u00e8re, capables de satisfaire les palais les plus exigeants.<\/p>\n\t\t\t\t\t\t\t\t<\/div>\n\t\t\t\t<\/div>\n\t\t\t\t\t<\/div>\n\t\t<\/div>\n\t\t\t\t\t<\/div>\n\t\t<\/section>\n\t\t\t\t<section class=\"elementor-section elementor-top-section elementor-element elementor-element-4e9a2e2 elementor-section-boxed elementor-section-height-default elementor-section-height-default\" data-id=\"4e9a2e2\" data-element_type=\"section\">\n\t\t\t\t\t\t<div class=\"elementor-container elementor-column-gap-default\">\n\t\t\t\t\t<div class=\"elementor-column elementor-col-50 elementor-top-column elementor-element elementor-element-01c76fc\" data-id=\"01c76fc\" data-element_type=\"column\">\n\t\t\t<div class=\"elementor-widget-wrap elementor-element-populated\">\n\t\t\t\t\t\t<div class=\"elementor-element elementor-element-2ffd0f3 elementor-widget elementor-widget-heading\" data-id=\"2ffd0f3\" data-element_type=\"widget\" data-widget_type=\"heading.default\">\n\t\t\t\t<div class=\"elementor-widget-container\">\n\t\t\t\t\t<h2 class=\"elementor-heading-title elementor-size-default\">Web et Can Ruart<\/h2>\t\t\t\t<\/div>\n\t\t\t\t<\/div>\n\t\t\t\t<div class=\"elementor-element elementor-element-f29b4db elementor-widget elementor-widget-text-editor\" data-id=\"f29b4db\" data-element_type=\"widget\" data-widget_type=\"text-editor.default\">\n\t\t\t\t<div class=\"elementor-widget-container\">\n\t\t\t\t\t\t\t\t\t<p>En 2010, apr\u00e8s avoir \u00e9tudi\u00e9 et travaill\u00e9 dans d&rsquo;autres secteurs, la troisi\u00e8me g\u00e9n\u00e9ration, \u00d3scar et Eva, rejoint l&rsquo;entreprise familiale. Au cours de ces ann\u00e9es, les installations ont \u00e9t\u00e9 conditionn\u00e9es pour optimiser les processus et obtenir le RSIPAC pour vendre des saucisses \u00e0 d&rsquo;autres \u00e9tablissements du nom de <em>Can Ruart<\/em>. De plus, nous avons cr\u00e9\u00e9 ce site internet pour faciliter l&rsquo;achat de nos clients et nous faire conna\u00eetre.<\/p>\n\t\t\t\t\t\t\t\t<\/div>\n\t\t\t\t<\/div>\n\t\t\t\t\t<\/div>\n\t\t<\/div>\n\t\t\t\t<div class=\"elementor-column elementor-col-50 elementor-top-column elementor-element elementor-element-530a060\" data-id=\"530a060\" data-element_type=\"column\">\n\t\t\t<div class=\"elementor-widget-wrap elementor-element-populated\">\n\t\t\t\t\t\t<div class=\"elementor-element elementor-element-b69be75 elementor-widget elementor-widget-image\" data-id=\"b69be75\" data-element_type=\"widget\" data-widget_type=\"image.default\">\n\t\t\t\t<div class=\"elementor-widget-container\">\n\t\t\t\t\t\t\t\t\t\t\t\t\t\t\t<img decoding=\"async\" width=\"680\" height=\"510\" src=\"https:\/\/www.embotits.es\/wp-content\/uploads\/2023\/08\/can-ruart-llado_2.jpg\" class=\"attachment-large size-large wp-image-284\" alt=\"\" srcset=\"https:\/\/www.embotits.es\/wp-content\/uploads\/2023\/08\/can-ruart-llado_2.jpg 680w, https:\/\/www.embotits.es\/wp-content\/uploads\/2023\/08\/can-ruart-llado_2-300x225.jpg 300w\" sizes=\"(max-width: 680px) 100vw, 680px\" \/>\t\t\t\t\t\t\t\t\t\t\t\t\t\t\t<\/div>\n\t\t\t\t<\/div>\n\t\t\t\t\t<\/div>\n\t\t<\/div>\n\t\t\t\t\t<\/div>\n\t\t<\/section>\n\t\t\t\t<section class=\"elementor-section elementor-top-section elementor-element elementor-element-73b5465 elementor-reverse-mobile elementor-section-boxed elementor-section-height-default elementor-section-height-default\" data-id=\"73b5465\" data-element_type=\"section\">\n\t\t\t\t\t\t<div class=\"elementor-container elementor-column-gap-default\">\n\t\t\t\t\t<div class=\"elementor-column elementor-col-50 elementor-top-column elementor-element elementor-element-7a5b8f6\" data-id=\"7a5b8f6\" data-element_type=\"column\">\n\t\t\t<div class=\"elementor-widget-wrap elementor-element-populated\">\n\t\t\t\t\t\t<div class=\"elementor-element elementor-element-eb3b1ef elementor-widget elementor-widget-image\" data-id=\"eb3b1ef\" data-element_type=\"widget\" data-widget_type=\"image.default\">\n\t\t\t\t<div class=\"elementor-widget-container\">\n\t\t\t\t\t\t\t\t\t\t\t\t\t\t\t<img loading=\"lazy\" decoding=\"async\" width=\"680\" height=\"510\" src=\"https:\/\/www.embotits.es\/wp-content\/uploads\/2023\/08\/can-ruart-llado.jpg\" class=\"attachment-large size-large wp-image-232\" alt=\"\" srcset=\"https:\/\/www.embotits.es\/wp-content\/uploads\/2023\/08\/can-ruart-llado.jpg 680w, https:\/\/www.embotits.es\/wp-content\/uploads\/2023\/08\/can-ruart-llado-300x225.jpg 300w\" sizes=\"(max-width: 680px) 100vw, 680px\" \/>\t\t\t\t\t\t\t\t\t\t\t\t\t\t\t<\/div>\n\t\t\t\t<\/div>\n\t\t\t\t\t<\/div>\n\t\t<\/div>\n\t\t\t\t<div class=\"elementor-column elementor-col-50 elementor-top-column elementor-element elementor-element-4864b21\" data-id=\"4864b21\" data-element_type=\"column\">\n\t\t\t<div class=\"elementor-widget-wrap elementor-element-populated\">\n\t\t\t\t\t\t<div class=\"elementor-element elementor-element-63ed078 elementor-widget elementor-widget-heading\" data-id=\"63ed078\" data-element_type=\"widget\" data-widget_type=\"heading.default\">\n\t\t\t\t<div class=\"elementor-widget-container\">\n\t\t\t\t\t<h2 class=\"elementor-heading-title elementor-size-default\">Nouvelle boucherie \u00e0 Llado<\/h2>\t\t\t\t<\/div>\n\t\t\t\t<\/div>\n\t\t\t\t<div class=\"elementor-element elementor-element-80ff975 elementor-widget elementor-widget-text-editor\" data-id=\"80ff975\" data-element_type=\"widget\" data-widget_type=\"text-editor.default\">\n\t\t\t\t<div class=\"elementor-widget-container\">\n\t\t\t\t\t\t\t\t\t<div>En 2020, nous avons d\u00e9cid\u00e9 d&rsquo;ouvrir un nouveau magasin \u00e0 Llad\u00f3, la ville o\u00f9 est n\u00e9 \u00d2scar. Et nous avons eu la chance d&rsquo;int\u00e9grer dans notre \u00e9quipe Mont Adroher, qui est le responsable du magasin qui a ouvert ses portes le 25 ao\u00fbt de la m\u00eame ann\u00e9e.<\/div>\n<div>Cette boutique a la chance d&rsquo;\u00eatre int\u00e9gr\u00e9e \u00e0 une ancienne galerie d&rsquo;art du regrett\u00e9 artiste Mois\u00e8s Sidrach. Cela signifie que le magasin pr\u00e9sente toujours le travail de cet artiste aux multiples facettes et qu&rsquo;en plus, une partie est revers\u00e9e afin que d&rsquo;autres artistes du quartier puissent exposer leurs \u0153uvres. Il peut \u00eatre visit\u00e9 pendant les heures d&rsquo;ouverture du magasin.<\/div>\n\t\t\t\t\t\t\t\t<\/div>\n\t\t\t\t<\/div>\n\t\t\t\t\t<\/div>\n\t\t<\/div>\n\t\t\t\t\t<\/div>\n\t\t<\/section>\n\t\t\t\t<\/div>\n\t\t","protected":false},"excerpt":{"rendered":"<p>Commencement En 1939, Tonet part apprendre le m\u00e9tier et retourne \u00e0 Garrig\u00e0s o\u00f9, avec Merc\u00e8, son \u00e9pouse, il d\u00e9cide d&rsquo;ouvrir une modeste boutique \u00e0 l&rsquo;entr\u00e9e de la maison o\u00f9 ils habitaient. Au d\u00e9but, ils vendaient uniquement de la viande qu&rsquo;ils achetaient aux agriculteurs de la r\u00e9gion, mais ils ont rapidement acquis des connaissances pour fabriquer &#8230; <a title=\"Histoire\" class=\"read-more\" href=\"https:\/\/www.embotits.es\/fr\/histoire\/\" aria-label=\"En savoir plus sur Histoire\">Lire la suite<\/a><\/p>\n","protected":false},"author":1,"featured_media":0,"parent":0,"menu_order":0,"comment_status":"closed","ping_status":"closed","template":"","meta":{"footnotes":""},"class_list":["post-553","page","type-page","status-publish"],"yoast_head":"<!-- This site is optimized with the Yoast SEO plugin v26.8 - https:\/\/yoast.com\/product\/yoast-seo-wordpress\/ -->\n<title>Histoire - Can Ruart<\/title>\n<meta name=\"description\" content=\"En 1939, Tonet part apprendre le m\u00e9tier et retourne \u00e0 Garrig\u00e0s o\u00f9, avec Merc\u00e8, son \u00e9pouse, il d\u00e9cide d&#039;ouvrir une modeste boucherie.\" \/>\n<meta name=\"robots\" content=\"index, follow, max-snippet:-1, max-image-preview:large, max-video-preview:-1\" \/>\n<link rel=\"canonical\" href=\"https:\/\/www.embotits.es\/historia\/\" \/>\n<meta property=\"og:locale\" content=\"fr_FR\" \/>\n<meta property=\"og:type\" content=\"article\" \/>\n<meta property=\"og:title\" content=\"Histoire - Can Ruart\" \/>\n<meta property=\"og:description\" content=\"En 1939, Tonet part apprendre le m\u00e9tier et retourne \u00e0 Garrig\u00e0s o\u00f9, avec Merc\u00e8, son \u00e9pouse, il d\u00e9cide d&#039;ouvrir une modeste boucherie.\" \/>\n<meta property=\"og:url\" content=\"https:\/\/www.embotits.es\/historia\/\" \/>\n<meta property=\"og:site_name\" content=\"Can Ruart\" \/>\n<meta property=\"article:modified_time\" content=\"2023-08-22T15:44:58+00:00\" \/>\n<meta property=\"og:image\" content=\"https:\/\/www.embotits.es\/wp-content\/uploads\/2023\/08\/carnisseria-can-ruart_garrigas-1024x505.jpg\" \/>\n<meta name=\"twitter:card\" content=\"summary_large_image\" \/>\n<meta name=\"twitter:label1\" content=\"Dur\u00e9e de lecture estim\u00e9e\" \/>\n\t<meta name=\"twitter:data1\" content=\"2 minutes\" \/>\n<script type=\"application\/ld+json\" class=\"yoast-schema-graph\">{\"@context\":\"https:\/\/schema.org\",\"@graph\":[{\"@type\":\"WebPage\",\"@id\":\"https:\/\/www.embotits.es\/historia\/\",\"url\":\"https:\/\/www.embotits.es\/historia\/\",\"name\":\"Histoire - Can Ruart\",\"isPartOf\":{\"@id\":\"https:\/\/www.embotits.es\/#website\"},\"primaryImageOfPage\":{\"@id\":\"https:\/\/www.embotits.es\/historia\/#primaryimage\"},\"image\":{\"@id\":\"https:\/\/www.embotits.es\/historia\/#primaryimage\"},\"thumbnailUrl\":\"https:\/\/www.embotits.es\/wp-content\/uploads\/2023\/08\/carnisseria-can-ruart_garrigas-1024x505.jpg\",\"datePublished\":\"2023-08-04T12:49:32+00:00\",\"dateModified\":\"2023-08-22T15:44:58+00:00\",\"description\":\"En 1939, Tonet part apprendre le m\u00e9tier et retourne \u00e0 Garrig\u00e0s o\u00f9, avec Merc\u00e8, son \u00e9pouse, il d\u00e9cide d'ouvrir une modeste boucherie.\",\"breadcrumb\":{\"@id\":\"https:\/\/www.embotits.es\/historia\/#breadcrumb\"},\"inLanguage\":\"fr-FR\",\"potentialAction\":[{\"@type\":\"ReadAction\",\"target\":[\"https:\/\/www.embotits.es\/historia\/\"]}]},{\"@type\":\"ImageObject\",\"inLanguage\":\"fr-FR\",\"@id\":\"https:\/\/www.embotits.es\/historia\/#primaryimage\",\"url\":\"https:\/\/www.embotits.es\/wp-content\/uploads\/2023\/08\/carnisseria-can-ruart_garrigas-1024x505.jpg\",\"contentUrl\":\"https:\/\/www.embotits.es\/wp-content\/uploads\/2023\/08\/carnisseria-can-ruart_garrigas-1024x505.jpg\"},{\"@type\":\"BreadcrumbList\",\"@id\":\"https:\/\/www.embotits.es\/historia\/#breadcrumb\",\"itemListElement\":[{\"@type\":\"ListItem\",\"position\":1,\"name\":\"Portada\",\"item\":\"https:\/\/www.embotits.es\/fr\/accueil\/\"},{\"@type\":\"ListItem\",\"position\":2,\"name\":\"Histoire\"}]},{\"@type\":\"WebSite\",\"@id\":\"https:\/\/www.embotits.es\/#website\",\"url\":\"https:\/\/www.embotits.es\/\",\"name\":\"Can Ruart\",\"description\":\"El rac\u00f3 de l&#039;embotit\",\"publisher\":{\"@id\":\"https:\/\/www.embotits.es\/#organization\"},\"potentialAction\":[{\"@type\":\"SearchAction\",\"target\":{\"@type\":\"EntryPoint\",\"urlTemplate\":\"https:\/\/www.embotits.es\/?s={search_term_string}\"},\"query-input\":{\"@type\":\"PropertyValueSpecification\",\"valueRequired\":true,\"valueName\":\"search_term_string\"}}],\"inLanguage\":\"fr-FR\"},{\"@type\":\"Organization\",\"@id\":\"https:\/\/www.embotits.es\/#organization\",\"name\":\"Can Ruart\",\"url\":\"https:\/\/www.embotits.es\/\",\"logo\":{\"@type\":\"ImageObject\",\"inLanguage\":\"fr-FR\",\"@id\":\"https:\/\/www.embotits.es\/#\/schema\/logo\/image\/\",\"url\":\"https:\/\/www.embotits.es\/wp-content\/uploads\/2023\/08\/logo-Can-Ruart.jpg\",\"contentUrl\":\"https:\/\/www.embotits.es\/wp-content\/uploads\/2023\/08\/logo-Can-Ruart.jpg\",\"width\":806,\"height\":300,\"caption\":\"Can Ruart\"},\"image\":{\"@id\":\"https:\/\/www.embotits.es\/#\/schema\/logo\/image\/\"}}]}<\/script>\n<!-- \/ Yoast SEO plugin. -->","yoast_head_json":{"title":"Histoire - Can Ruart","description":"En 1939, Tonet part apprendre le m\u00e9tier et retourne \u00e0 Garrig\u00e0s o\u00f9, avec Merc\u00e8, son \u00e9pouse, il d\u00e9cide d'ouvrir une modeste boucherie.","robots":{"index":"index","follow":"follow","max-snippet":"max-snippet:-1","max-image-preview":"max-image-preview:large","max-video-preview":"max-video-preview:-1"},"canonical":"https:\/\/www.embotits.es\/historia\/","og_locale":"fr_FR","og_type":"article","og_title":"Histoire - Can Ruart","og_description":"En 1939, Tonet part apprendre le m\u00e9tier et retourne \u00e0 Garrig\u00e0s o\u00f9, avec Merc\u00e8, son \u00e9pouse, il d\u00e9cide d'ouvrir une modeste boucherie.","og_url":"https:\/\/www.embotits.es\/historia\/","og_site_name":"Can Ruart","article_modified_time":"2023-08-22T15:44:58+00:00","og_image":[{"url":"https:\/\/www.embotits.es\/wp-content\/uploads\/2023\/08\/carnisseria-can-ruart_garrigas-1024x505.jpg","type":"","width":"","height":""}],"twitter_card":"summary_large_image","twitter_misc":{"Dur\u00e9e de lecture estim\u00e9e":"2 minutes"},"schema":{"@context":"https:\/\/schema.org","@graph":[{"@type":"WebPage","@id":"https:\/\/www.embotits.es\/historia\/","url":"https:\/\/www.embotits.es\/historia\/","name":"Histoire - Can Ruart","isPartOf":{"@id":"https:\/\/www.embotits.es\/#website"},"primaryImageOfPage":{"@id":"https:\/\/www.embotits.es\/historia\/#primaryimage"},"image":{"@id":"https:\/\/www.embotits.es\/historia\/#primaryimage"},"thumbnailUrl":"https:\/\/www.embotits.es\/wp-content\/uploads\/2023\/08\/carnisseria-can-ruart_garrigas-1024x505.jpg","datePublished":"2023-08-04T12:49:32+00:00","dateModified":"2023-08-22T15:44:58+00:00","description":"En 1939, Tonet part apprendre le m\u00e9tier et retourne \u00e0 Garrig\u00e0s o\u00f9, avec Merc\u00e8, son \u00e9pouse, il d\u00e9cide d'ouvrir une modeste boucherie.","breadcrumb":{"@id":"https:\/\/www.embotits.es\/historia\/#breadcrumb"},"inLanguage":"fr-FR","potentialAction":[{"@type":"ReadAction","target":["https:\/\/www.embotits.es\/historia\/"]}]},{"@type":"ImageObject","inLanguage":"fr-FR","@id":"https:\/\/www.embotits.es\/historia\/#primaryimage","url":"https:\/\/www.embotits.es\/wp-content\/uploads\/2023\/08\/carnisseria-can-ruart_garrigas-1024x505.jpg","contentUrl":"https:\/\/www.embotits.es\/wp-content\/uploads\/2023\/08\/carnisseria-can-ruart_garrigas-1024x505.jpg"},{"@type":"BreadcrumbList","@id":"https:\/\/www.embotits.es\/historia\/#breadcrumb","itemListElement":[{"@type":"ListItem","position":1,"name":"Portada","item":"https:\/\/www.embotits.es\/fr\/accueil\/"},{"@type":"ListItem","position":2,"name":"Histoire"}]},{"@type":"WebSite","@id":"https:\/\/www.embotits.es\/#website","url":"https:\/\/www.embotits.es\/","name":"Can Ruart","description":"El rac\u00f3 de l&#039;embotit","publisher":{"@id":"https:\/\/www.embotits.es\/#organization"},"potentialAction":[{"@type":"SearchAction","target":{"@type":"EntryPoint","urlTemplate":"https:\/\/www.embotits.es\/?s={search_term_string}"},"query-input":{"@type":"PropertyValueSpecification","valueRequired":true,"valueName":"search_term_string"}}],"inLanguage":"fr-FR"},{"@type":"Organization","@id":"https:\/\/www.embotits.es\/#organization","name":"Can Ruart","url":"https:\/\/www.embotits.es\/","logo":{"@type":"ImageObject","inLanguage":"fr-FR","@id":"https:\/\/www.embotits.es\/#\/schema\/logo\/image\/","url":"https:\/\/www.embotits.es\/wp-content\/uploads\/2023\/08\/logo-Can-Ruart.jpg","contentUrl":"https:\/\/www.embotits.es\/wp-content\/uploads\/2023\/08\/logo-Can-Ruart.jpg","width":806,"height":300,"caption":"Can Ruart"},"image":{"@id":"https:\/\/www.embotits.es\/#\/schema\/logo\/image\/"}}]}},"_links":{"self":[{"href":"https:\/\/www.embotits.es\/fr\/wp-json\/wp\/v2\/pages\/553","targetHints":{"allow":["GET"]}}],"collection":[{"href":"https:\/\/www.embotits.es\/fr\/wp-json\/wp\/v2\/pages"}],"about":[{"href":"https:\/\/www.embotits.es\/fr\/wp-json\/wp\/v2\/types\/page"}],"author":[{"embeddable":true,"href":"https:\/\/www.embotits.es\/fr\/wp-json\/wp\/v2\/users\/1"}],"replies":[{"embeddable":true,"href":"https:\/\/www.embotits.es\/fr\/wp-json\/wp\/v2\/comments?post=553"}],"version-history":[{"count":3,"href":"https:\/\/www.embotits.es\/fr\/wp-json\/wp\/v2\/pages\/553\/revisions"}],"predecessor-version":[{"id":614,"href":"https:\/\/www.embotits.es\/fr\/wp-json\/wp\/v2\/pages\/553\/revisions\/614"}],"wp:attachment":[{"href":"https:\/\/www.embotits.es\/fr\/wp-json\/wp\/v2\/media?parent=553"}],"curies":[{"name":"wp","href":"https:\/\/api.w.org\/{rel}","templated":true}]}}