{"id":557,"date":"2023-08-04T15:37:02","date_gmt":"2023-08-04T13:37:02","guid":{"rendered":"https:\/\/www.embotits.es\/produits\/"},"modified":"2023-08-22T17:44:16","modified_gmt":"2023-08-22T15:44:16","slug":"produits","status":"publish","type":"page","link":"https:\/\/www.embotits.es\/fr\/produits\/","title":{"rendered":"Produits"},"content":{"rendered":"\t\t<div data-elementor-type=\"wp-page\" data-elementor-id=\"557\" class=\"elementor elementor-557 elementor-100\" data-elementor-post-type=\"page\">\n\t\t\t\t\t\t<section class=\"elementor-section elementor-top-section elementor-element elementor-element-8bb5ee7 elementor-section-height-min-height elementor-section-boxed elementor-section-height-default elementor-section-items-middle\" data-id=\"8bb5ee7\" data-element_type=\"section\" data-settings=\"{&quot;background_background&quot;:&quot;classic&quot;}\">\n\t\t\t\t\t\t\t<div class=\"elementor-background-overlay\"><\/div>\n\t\t\t\t\t\t\t<div class=\"elementor-container elementor-column-gap-default\">\n\t\t\t\t\t<div class=\"elementor-column elementor-col-100 elementor-top-column elementor-element elementor-element-61a0484\" data-id=\"61a0484\" data-element_type=\"column\">\n\t\t\t<div class=\"elementor-widget-wrap elementor-element-populated\">\n\t\t\t\t\t\t<div class=\"elementor-element elementor-element-5b45ef6 elementor-widget elementor-widget-heading\" data-id=\"5b45ef6\" data-element_type=\"widget\" data-widget_type=\"heading.default\">\n\t\t\t\t<div class=\"elementor-widget-container\">\n\t\t\t\t\t<h1 class=\"elementor-heading-title elementor-size-default\">Produits<\/h1>\t\t\t\t<\/div>\n\t\t\t\t<\/div>\n\t\t\t\t\t<\/div>\n\t\t<\/div>\n\t\t\t\t\t<\/div>\n\t\t<\/section>\n\t\t\t\t<section class=\"elementor-section elementor-top-section elementor-element elementor-element-26f3e03 elementor-section-boxed elementor-section-height-default elementor-section-height-default\" data-id=\"26f3e03\" data-element_type=\"section\">\n\t\t\t\t\t\t<div class=\"elementor-container elementor-column-gap-default\">\n\t\t\t\t\t<div class=\"elementor-column elementor-col-33 elementor-top-column elementor-element elementor-element-a69ac9b\" data-id=\"a69ac9b\" data-element_type=\"column\">\n\t\t\t<div class=\"elementor-widget-wrap elementor-element-populated\">\n\t\t\t\t\t\t<div class=\"elementor-element elementor-element-9d11831 elementor-position-top elementor-widget elementor-widget-image-box\" data-id=\"9d11831\" data-element_type=\"widget\" data-widget_type=\"image-box.default\">\n\t\t\t\t<div class=\"elementor-widget-container\">\n\t\t\t\t\t<div class=\"elementor-image-box-wrapper\"><figure class=\"elementor-image-box-img\"><a href=\"https:\/\/www.embotits.es\/embutidos-curados\" tabindex=\"-1\"><img fetchpriority=\"high\" decoding=\"async\" width=\"1000\" height=\"750\" src=\"https:\/\/www.embotits.es\/wp-content\/uploads\/2023\/08\/llom_del_coll1.jpg\" class=\"attachment-full size-full wp-image-194\" alt=\"\" srcset=\"https:\/\/www.embotits.es\/wp-content\/uploads\/2023\/08\/llom_del_coll1.jpg 1000w, https:\/\/www.embotits.es\/wp-content\/uploads\/2023\/08\/llom_del_coll1-300x225.jpg 300w, https:\/\/www.embotits.es\/wp-content\/uploads\/2023\/08\/llom_del_coll1-768x576.jpg 768w\" sizes=\"(max-width: 1000px) 100vw, 1000px\" \/><\/a><\/figure><div class=\"elementor-image-box-content\"><h3 class=\"elementor-image-box-title\"><a href=\"https:\/\/www.embotits.es\/embutidos-curados\">Charcuterie s\u00e8che<\/a><\/h3><\/div><\/div>\t\t\t\t<\/div>\n\t\t\t\t<\/div>\n\t\t\t\t\t<\/div>\n\t\t<\/div>\n\t\t\t\t<div class=\"elementor-column elementor-col-33 elementor-top-column elementor-element elementor-element-74f5989\" data-id=\"74f5989\" data-element_type=\"column\">\n\t\t\t<div class=\"elementor-widget-wrap elementor-element-populated\">\n\t\t\t\t\t\t<div class=\"elementor-element elementor-element-06b2ac1 elementor-position-top elementor-widget elementor-widget-image-box\" data-id=\"06b2ac1\" data-element_type=\"widget\" data-widget_type=\"image-box.default\">\n\t\t\t\t<div class=\"elementor-widget-container\">\n\t\t\t\t\t<div class=\"elementor-image-box-wrapper\"><figure class=\"elementor-image-box-img\"><a href=\"https:\/\/www.embotits.es\/embutidos-cocidos\" tabindex=\"-1\"><img decoding=\"async\" width=\"1000\" height=\"750\" src=\"https:\/\/www.embotits.es\/wp-content\/uploads\/2023\/08\/pernil_dolc_can_ruart.jpg\" class=\"attachment-full size-full wp-image-206\" alt=\"\" srcset=\"https:\/\/www.embotits.es\/wp-content\/uploads\/2023\/08\/pernil_dolc_can_ruart.jpg 1000w, https:\/\/www.embotits.es\/wp-content\/uploads\/2023\/08\/pernil_dolc_can_ruart-300x225.jpg 300w, https:\/\/www.embotits.es\/wp-content\/uploads\/2023\/08\/pernil_dolc_can_ruart-768x576.jpg 768w\" sizes=\"(max-width: 1000px) 100vw, 1000px\" \/><\/a><\/figure><div class=\"elementor-image-box-content\"><h3 class=\"elementor-image-box-title\"><a href=\"https:\/\/www.embotits.es\/embutidos-cocidos\">Charcuterie cuits<\/a><\/h3><\/div><\/div>\t\t\t\t<\/div>\n\t\t\t\t<\/div>\n\t\t\t\t\t<\/div>\n\t\t<\/div>\n\t\t\t\t<div class=\"elementor-column elementor-col-33 elementor-top-column elementor-element elementor-element-9117bc9\" data-id=\"9117bc9\" data-element_type=\"column\">\n\t\t\t<div class=\"elementor-widget-wrap elementor-element-populated\">\n\t\t\t\t\t\t<div class=\"elementor-element elementor-element-d0abecc elementor-position-top elementor-widget elementor-widget-image-box\" data-id=\"d0abecc\" data-element_type=\"widget\" data-widget_type=\"image-box.default\">\n\t\t\t\t<div class=\"elementor-widget-container\">\n\t\t\t\t\t<div class=\"elementor-image-box-wrapper\"><figure class=\"elementor-image-box-img\"><a href=\"https:\/\/www.embotits.es\/embutidos-frescos\" tabindex=\"-1\"><img decoding=\"async\" width=\"1000\" height=\"750\" src=\"https:\/\/www.embotits.es\/wp-content\/uploads\/2023\/08\/botifarres_can_ruart.jpg\" class=\"attachment-full size-full wp-image-208\" alt=\"\" srcset=\"https:\/\/www.embotits.es\/wp-content\/uploads\/2023\/08\/botifarres_can_ruart.jpg 1000w, https:\/\/www.embotits.es\/wp-content\/uploads\/2023\/08\/botifarres_can_ruart-300x225.jpg 300w, https:\/\/www.embotits.es\/wp-content\/uploads\/2023\/08\/botifarres_can_ruart-768x576.jpg 768w\" sizes=\"(max-width: 1000px) 100vw, 1000px\" \/><\/a><\/figure><div class=\"elementor-image-box-content\"><h3 class=\"elementor-image-box-title\"><a href=\"https:\/\/www.embotits.es\/embutidos-frescos\">Charcuterie frais<\/a><\/h3><\/div><\/div>\t\t\t\t<\/div>\n\t\t\t\t<\/div>\n\t\t\t\t\t<\/div>\n\t\t<\/div>\n\t\t\t\t\t<\/div>\n\t\t<\/section>\n\t\t\t\t<\/div>\n\t\t","protected":false},"excerpt":{"rendered":"<p>Charcuterie s\u00e8che Charcuterie cuits Charcuterie frais<\/p>\n","protected":false},"author":1,"featured_media":0,"parent":0,"menu_order":0,"comment_status":"closed","ping_status":"closed","template":"","meta":{"footnotes":""},"class_list":["post-557","page","type-page","status-publish"],"yoast_head":"<!-- This site is optimized with the Yoast SEO plugin v26.8 - https:\/\/yoast.com\/product\/yoast-seo-wordpress\/ -->\n<title>Produits - Can Ruart<\/title>\n<meta name=\"description\" content=\"D\u00e9couvrez tous les produits que nous fabriquons et proposons dans nos boucheries de Garrig\u00e0s et Llad\u00f3.\" \/>\n<meta name=\"robots\" content=\"index, follow, max-snippet:-1, max-image-preview:large, max-video-preview:-1\" \/>\n<link rel=\"canonical\" href=\"https:\/\/www.embotits.es\/productos\/\" \/>\n<meta property=\"og:locale\" content=\"fr_FR\" \/>\n<meta property=\"og:type\" content=\"article\" \/>\n<meta property=\"og:title\" content=\"Produits - Can Ruart\" \/>\n<meta property=\"og:description\" content=\"D\u00e9couvrez tous les produits que nous fabriquons et proposons dans nos boucheries de Garrig\u00e0s et Llad\u00f3.\" \/>\n<meta property=\"og:url\" content=\"https:\/\/www.embotits.es\/productos\/\" \/>\n<meta property=\"og:site_name\" content=\"Can Ruart\" \/>\n<meta property=\"article:modified_time\" content=\"2023-08-22T15:44:16+00:00\" \/>\n<meta property=\"og:image\" content=\"https:\/\/www.embotits.es\/wp-content\/uploads\/2023\/08\/llom_del_coll1.jpg\" \/>\n<meta name=\"twitter:card\" content=\"summary_large_image\" \/>\n<script type=\"application\/ld+json\" class=\"yoast-schema-graph\">{\"@context\":\"https:\/\/schema.org\",\"@graph\":[{\"@type\":\"WebPage\",\"@id\":\"https:\/\/www.embotits.es\/productos\/\",\"url\":\"https:\/\/www.embotits.es\/productos\/\",\"name\":\"Produits - Can Ruart\",\"isPartOf\":{\"@id\":\"https:\/\/www.embotits.es\/#website\"},\"primaryImageOfPage\":{\"@id\":\"https:\/\/www.embotits.es\/productos\/#primaryimage\"},\"image\":{\"@id\":\"https:\/\/www.embotits.es\/productos\/#primaryimage\"},\"thumbnailUrl\":\"https:\/\/www.embotits.es\/wp-content\/uploads\/2023\/08\/llom_del_coll1.jpg\",\"datePublished\":\"2023-08-04T13:37:02+00:00\",\"dateModified\":\"2023-08-22T15:44:16+00:00\",\"description\":\"D\u00e9couvrez tous les produits que nous fabriquons et proposons dans nos boucheries de Garrig\u00e0s et Llad\u00f3.\",\"breadcrumb\":{\"@id\":\"https:\/\/www.embotits.es\/productos\/#breadcrumb\"},\"inLanguage\":\"fr-FR\",\"potentialAction\":[{\"@type\":\"ReadAction\",\"target\":[\"https:\/\/www.embotits.es\/productos\/\"]}]},{\"@type\":\"ImageObject\",\"inLanguage\":\"fr-FR\",\"@id\":\"https:\/\/www.embotits.es\/productos\/#primaryimage\",\"url\":\"https:\/\/www.embotits.es\/wp-content\/uploads\/2023\/08\/llom_del_coll1.jpg\",\"contentUrl\":\"https:\/\/www.embotits.es\/wp-content\/uploads\/2023\/08\/llom_del_coll1.jpg\"},{\"@type\":\"BreadcrumbList\",\"@id\":\"https:\/\/www.embotits.es\/productos\/#breadcrumb\",\"itemListElement\":[{\"@type\":\"ListItem\",\"position\":1,\"name\":\"Portada\",\"item\":\"https:\/\/www.embotits.es\/fr\/accueil\/\"},{\"@type\":\"ListItem\",\"position\":2,\"name\":\"Produits\"}]},{\"@type\":\"WebSite\",\"@id\":\"https:\/\/www.embotits.es\/#website\",\"url\":\"https:\/\/www.embotits.es\/\",\"name\":\"Can Ruart\",\"description\":\"El rac\u00f3 de l&#039;embotit\",\"publisher\":{\"@id\":\"https:\/\/www.embotits.es\/#organization\"},\"potentialAction\":[{\"@type\":\"SearchAction\",\"target\":{\"@type\":\"EntryPoint\",\"urlTemplate\":\"https:\/\/www.embotits.es\/?s={search_term_string}\"},\"query-input\":{\"@type\":\"PropertyValueSpecification\",\"valueRequired\":true,\"valueName\":\"search_term_string\"}}],\"inLanguage\":\"fr-FR\"},{\"@type\":\"Organization\",\"@id\":\"https:\/\/www.embotits.es\/#organization\",\"name\":\"Can Ruart\",\"url\":\"https:\/\/www.embotits.es\/\",\"logo\":{\"@type\":\"ImageObject\",\"inLanguage\":\"fr-FR\",\"@id\":\"https:\/\/www.embotits.es\/#\/schema\/logo\/image\/\",\"url\":\"https:\/\/www.embotits.es\/wp-content\/uploads\/2023\/08\/logo-Can-Ruart.jpg\",\"contentUrl\":\"https:\/\/www.embotits.es\/wp-content\/uploads\/2023\/08\/logo-Can-Ruart.jpg\",\"width\":806,\"height\":300,\"caption\":\"Can Ruart\"},\"image\":{\"@id\":\"https:\/\/www.embotits.es\/#\/schema\/logo\/image\/\"}}]}<\/script>\n<!-- \/ Yoast SEO plugin. -->","yoast_head_json":{"title":"Produits - Can Ruart","description":"D\u00e9couvrez tous les produits que nous fabriquons et proposons dans nos boucheries de Garrig\u00e0s et Llad\u00f3.","robots":{"index":"index","follow":"follow","max-snippet":"max-snippet:-1","max-image-preview":"max-image-preview:large","max-video-preview":"max-video-preview:-1"},"canonical":"https:\/\/www.embotits.es\/productos\/","og_locale":"fr_FR","og_type":"article","og_title":"Produits - Can Ruart","og_description":"D\u00e9couvrez tous les produits que nous fabriquons et proposons dans nos boucheries de Garrig\u00e0s et Llad\u00f3.","og_url":"https:\/\/www.embotits.es\/productos\/","og_site_name":"Can Ruart","article_modified_time":"2023-08-22T15:44:16+00:00","og_image":[{"url":"https:\/\/www.embotits.es\/wp-content\/uploads\/2023\/08\/llom_del_coll1.jpg","type":"","width":"","height":""}],"twitter_card":"summary_large_image","schema":{"@context":"https:\/\/schema.org","@graph":[{"@type":"WebPage","@id":"https:\/\/www.embotits.es\/productos\/","url":"https:\/\/www.embotits.es\/productos\/","name":"Produits - Can Ruart","isPartOf":{"@id":"https:\/\/www.embotits.es\/#website"},"primaryImageOfPage":{"@id":"https:\/\/www.embotits.es\/productos\/#primaryimage"},"image":{"@id":"https:\/\/www.embotits.es\/productos\/#primaryimage"},"thumbnailUrl":"https:\/\/www.embotits.es\/wp-content\/uploads\/2023\/08\/llom_del_coll1.jpg","datePublished":"2023-08-04T13:37:02+00:00","dateModified":"2023-08-22T15:44:16+00:00","description":"D\u00e9couvrez tous les produits que nous fabriquons et proposons dans nos boucheries de Garrig\u00e0s et Llad\u00f3.","breadcrumb":{"@id":"https:\/\/www.embotits.es\/productos\/#breadcrumb"},"inLanguage":"fr-FR","potentialAction":[{"@type":"ReadAction","target":["https:\/\/www.embotits.es\/productos\/"]}]},{"@type":"ImageObject","inLanguage":"fr-FR","@id":"https:\/\/www.embotits.es\/productos\/#primaryimage","url":"https:\/\/www.embotits.es\/wp-content\/uploads\/2023\/08\/llom_del_coll1.jpg","contentUrl":"https:\/\/www.embotits.es\/wp-content\/uploads\/2023\/08\/llom_del_coll1.jpg"},{"@type":"BreadcrumbList","@id":"https:\/\/www.embotits.es\/productos\/#breadcrumb","itemListElement":[{"@type":"ListItem","position":1,"name":"Portada","item":"https:\/\/www.embotits.es\/fr\/accueil\/"},{"@type":"ListItem","position":2,"name":"Produits"}]},{"@type":"WebSite","@id":"https:\/\/www.embotits.es\/#website","url":"https:\/\/www.embotits.es\/","name":"Can Ruart","description":"El rac\u00f3 de l&#039;embotit","publisher":{"@id":"https:\/\/www.embotits.es\/#organization"},"potentialAction":[{"@type":"SearchAction","target":{"@type":"EntryPoint","urlTemplate":"https:\/\/www.embotits.es\/?s={search_term_string}"},"query-input":{"@type":"PropertyValueSpecification","valueRequired":true,"valueName":"search_term_string"}}],"inLanguage":"fr-FR"},{"@type":"Organization","@id":"https:\/\/www.embotits.es\/#organization","name":"Can Ruart","url":"https:\/\/www.embotits.es\/","logo":{"@type":"ImageObject","inLanguage":"fr-FR","@id":"https:\/\/www.embotits.es\/#\/schema\/logo\/image\/","url":"https:\/\/www.embotits.es\/wp-content\/uploads\/2023\/08\/logo-Can-Ruart.jpg","contentUrl":"https:\/\/www.embotits.es\/wp-content\/uploads\/2023\/08\/logo-Can-Ruart.jpg","width":806,"height":300,"caption":"Can Ruart"},"image":{"@id":"https:\/\/www.embotits.es\/#\/schema\/logo\/image\/"}}]}},"_links":{"self":[{"href":"https:\/\/www.embotits.es\/fr\/wp-json\/wp\/v2\/pages\/557","targetHints":{"allow":["GET"]}}],"collection":[{"href":"https:\/\/www.embotits.es\/fr\/wp-json\/wp\/v2\/pages"}],"about":[{"href":"https:\/\/www.embotits.es\/fr\/wp-json\/wp\/v2\/types\/page"}],"author":[{"embeddable":true,"href":"https:\/\/www.embotits.es\/fr\/wp-json\/wp\/v2\/users\/1"}],"replies":[{"embeddable":true,"href":"https:\/\/www.embotits.es\/fr\/wp-json\/wp\/v2\/comments?post=557"}],"version-history":[{"count":5,"href":"https:\/\/www.embotits.es\/fr\/wp-json\/wp\/v2\/pages\/557\/revisions"}],"predecessor-version":[{"id":609,"href":"https:\/\/www.embotits.es\/fr\/wp-json\/wp\/v2\/pages\/557\/revisions\/609"}],"wp:attachment":[{"href":"https:\/\/www.embotits.es\/fr\/wp-json\/wp\/v2\/media?parent=557"}],"curies":[{"name":"wp","href":"https:\/\/api.w.org\/{rel}","templated":true}]}}