{"id":560,"date":"2023-08-17T12:27:54","date_gmt":"2023-08-17T10:27:54","guid":{"rendered":"https:\/\/www.embotits.es\/produits\/charcuterie-cuits\/"},"modified":"2023-08-22T17:47:36","modified_gmt":"2023-08-22T15:47:36","slug":"charcuterie-cuits","status":"publish","type":"page","link":"https:\/\/www.embotits.es\/fr\/produits\/charcuterie-cuits\/","title":{"rendered":"Charcuterie cuits"},"content":{"rendered":"\t\t<div data-elementor-type=\"wp-page\" data-elementor-id=\"560\" class=\"elementor elementor-560 elementor-173\" data-elementor-post-type=\"page\">\n\t\t\t\t\t\t<section class=\"elementor-section elementor-top-section elementor-element elementor-element-8bb5ee7 elementor-section-height-min-height elementor-section-boxed elementor-section-height-default elementor-section-items-middle\" data-id=\"8bb5ee7\" data-element_type=\"section\" data-settings=\"{&quot;background_background&quot;:&quot;classic&quot;}\">\n\t\t\t\t\t\t\t<div class=\"elementor-background-overlay\"><\/div>\n\t\t\t\t\t\t\t<div class=\"elementor-container elementor-column-gap-default\">\n\t\t\t\t\t<div class=\"elementor-column elementor-col-100 elementor-top-column elementor-element elementor-element-61a0484\" data-id=\"61a0484\" data-element_type=\"column\">\n\t\t\t<div class=\"elementor-widget-wrap elementor-element-populated\">\n\t\t\t\t\t\t<div class=\"elementor-element elementor-element-5b45ef6 elementor-widget elementor-widget-heading\" data-id=\"5b45ef6\" data-element_type=\"widget\" data-widget_type=\"heading.default\">\n\t\t\t\t<div class=\"elementor-widget-container\">\n\t\t\t\t\t<h1 class=\"elementor-heading-title elementor-size-default\">Charcuterie cuits<\/h1>\t\t\t\t<\/div>\n\t\t\t\t<\/div>\n\t\t\t\t\t<\/div>\n\t\t<\/div>\n\t\t\t\t\t<\/div>\n\t\t<\/section>\n\t\t\t\t<section class=\"elementor-section elementor-top-section elementor-element elementor-element-913de69 elementor-section-boxed elementor-section-height-default elementor-section-height-default\" data-id=\"913de69\" data-element_type=\"section\">\n\t\t\t\t\t\t<div class=\"elementor-container elementor-column-gap-default\">\n\t\t\t\t\t<div class=\"elementor-column elementor-col-100 elementor-top-column elementor-element elementor-element-84d7054\" data-id=\"84d7054\" data-element_type=\"column\">\n\t\t\t<div class=\"elementor-widget-wrap elementor-element-populated\">\n\t\t\t\t\t\t<div class=\"elementor-element elementor-element-70b1cac elementor-position-inline-start elementor-mobile-position-inline-start elementor-view-default elementor-widget elementor-widget-icon-box\" data-id=\"70b1cac\" data-element_type=\"widget\" data-widget_type=\"icon-box.default\">\n\t\t\t\t<div class=\"elementor-widget-container\">\n\t\t\t\t\t\t\t<div class=\"elementor-icon-box-wrapper\">\n\n\t\t\t\t\t\t<div class=\"elementor-icon-box-icon\">\n\t\t\t\t<a href=\"https:\/\/www.embotits.es\/fr\/produits\/\" class=\"elementor-icon\" tabindex=\"-1\" aria-label=\"Retourner en arri\u00e8re\">\n\t\t\t\t<i aria-hidden=\"true\" class=\"fas fa-arrow-alt-circle-left\"><\/i>\t\t\t\t<\/a>\n\t\t\t<\/div>\n\t\t\t\n\t\t\t\t\t\t<div class=\"elementor-icon-box-content\">\n\n\t\t\t\t\t\t\t\t\t<p class=\"elementor-icon-box-title\">\n\t\t\t\t\t\t<a href=\"https:\/\/www.embotits.es\/fr\/produits\/\" >\n\t\t\t\t\t\t\tRetourner en arri\u00e8re\t\t\t\t\t\t<\/a>\n\t\t\t\t\t<\/p>\n\t\t\t\t\n\t\t\t\t\n\t\t\t<\/div>\n\t\t\t\n\t\t<\/div>\n\t\t\t\t\t\t<\/div>\n\t\t\t\t<\/div>\n\t\t\t\t\t<\/div>\n\t\t<\/div>\n\t\t\t\t\t<\/div>\n\t\t<\/section>\n\t\t\t\t<section class=\"elementor-section elementor-top-section elementor-element elementor-element-26f3e03 elementor-section-boxed elementor-section-height-default elementor-section-height-default\" data-id=\"26f3e03\" data-element_type=\"section\">\n\t\t\t\t\t\t<div class=\"elementor-container elementor-column-gap-default\">\n\t\t\t\t\t<div class=\"elementor-column elementor-col-25 elementor-top-column elementor-element elementor-element-a69ac9b\" data-id=\"a69ac9b\" data-element_type=\"column\">\n\t\t\t<div class=\"elementor-widget-wrap elementor-element-populated\">\n\t\t\t\t\t\t<div class=\"elementor-element elementor-element-9d11831 elementor-position-top elementor-widget elementor-widget-image-box\" data-id=\"9d11831\" data-element_type=\"widget\" data-widget_type=\"image-box.default\">\n\t\t\t\t<div class=\"elementor-widget-container\">\n\t\t\t\t\t<div class=\"elementor-image-box-wrapper\"><figure class=\"elementor-image-box-img\"><img fetchpriority=\"high\" decoding=\"async\" width=\"1000\" height=\"750\" src=\"https:\/\/www.embotits.es\/wp-content\/uploads\/2023\/08\/bull_negre_del_emporda.jpg\" class=\"attachment-full size-full wp-image-205\" alt=\"\" srcset=\"https:\/\/www.embotits.es\/wp-content\/uploads\/2023\/08\/bull_negre_del_emporda.jpg 1000w, https:\/\/www.embotits.es\/wp-content\/uploads\/2023\/08\/bull_negre_del_emporda-300x225.jpg 300w, https:\/\/www.embotits.es\/wp-content\/uploads\/2023\/08\/bull_negre_del_emporda-768x576.jpg 768w\" sizes=\"(max-width: 1000px) 100vw, 1000px\" \/><\/figure><div class=\"elementor-image-box-content\"><h4 class=\"elementor-image-box-title\">Boundin noir<\/h4><\/div><\/div>\t\t\t\t<\/div>\n\t\t\t\t<\/div>\n\t\t\t\t\t<\/div>\n\t\t<\/div>\n\t\t\t\t<div class=\"elementor-column elementor-col-25 elementor-top-column elementor-element elementor-element-137a373\" data-id=\"137a373\" data-element_type=\"column\">\n\t\t\t<div class=\"elementor-widget-wrap elementor-element-populated\">\n\t\t\t\t\t\t<div class=\"elementor-element elementor-element-b214d79 elementor-position-top elementor-widget elementor-widget-image-box\" data-id=\"b214d79\" data-element_type=\"widget\" data-widget_type=\"image-box.default\">\n\t\t\t\t<div class=\"elementor-widget-container\">\n\t\t\t\t\t<div class=\"elementor-image-box-wrapper\"><figure class=\"elementor-image-box-img\"><img decoding=\"async\" width=\"1000\" height=\"750\" src=\"https:\/\/www.embotits.es\/wp-content\/uploads\/2023\/08\/bull_blanc.jpg\" class=\"attachment-full size-full wp-image-203\" alt=\"\" srcset=\"https:\/\/www.embotits.es\/wp-content\/uploads\/2023\/08\/bull_blanc.jpg 1000w, https:\/\/www.embotits.es\/wp-content\/uploads\/2023\/08\/bull_blanc-300x225.jpg 300w, https:\/\/www.embotits.es\/wp-content\/uploads\/2023\/08\/bull_blanc-768x576.jpg 768w\" sizes=\"(max-width: 1000px) 100vw, 1000px\" \/><\/figure><div class=\"elementor-image-box-content\"><h4 class=\"elementor-image-box-title\">Boundin blanc<\/h4><\/div><\/div>\t\t\t\t<\/div>\n\t\t\t\t<\/div>\n\t\t\t\t\t<\/div>\n\t\t<\/div>\n\t\t\t\t<div class=\"elementor-column elementor-col-25 elementor-top-column elementor-element elementor-element-74f5989\" data-id=\"74f5989\" data-element_type=\"column\">\n\t\t\t<div class=\"elementor-widget-wrap elementor-element-populated\">\n\t\t\t\t\t\t<div class=\"elementor-element elementor-element-06b2ac1 elementor-position-top elementor-widget elementor-widget-image-box\" data-id=\"06b2ac1\" data-element_type=\"widget\" data-widget_type=\"image-box.default\">\n\t\t\t\t<div class=\"elementor-widget-container\">\n\t\t\t\t\t<div class=\"elementor-image-box-wrapper\"><figure class=\"elementor-image-box-img\"><img decoding=\"async\" width=\"1000\" height=\"750\" src=\"https:\/\/www.embotits.es\/wp-content\/uploads\/2023\/08\/botifarra_de_cap.jpg\" class=\"attachment-full size-full wp-image-200\" alt=\"\" srcset=\"https:\/\/www.embotits.es\/wp-content\/uploads\/2023\/08\/botifarra_de_cap.jpg 1000w, https:\/\/www.embotits.es\/wp-content\/uploads\/2023\/08\/botifarra_de_cap-300x225.jpg 300w, https:\/\/www.embotits.es\/wp-content\/uploads\/2023\/08\/botifarra_de_cap-768x576.jpg 768w\" sizes=\"(max-width: 1000px) 100vw, 1000px\" \/><\/figure><div class=\"elementor-image-box-content\"><h4 class=\"elementor-image-box-title\">Boundin de t\u00eate<\/h4><\/div><\/div>\t\t\t\t<\/div>\n\t\t\t\t<\/div>\n\t\t\t\t\t<\/div>\n\t\t<\/div>\n\t\t\t\t<div class=\"elementor-column elementor-col-25 elementor-top-column elementor-element elementor-element-9117bc9\" data-id=\"9117bc9\" data-element_type=\"column\">\n\t\t\t<div class=\"elementor-widget-wrap elementor-element-populated\">\n\t\t\t\t\t\t<div class=\"elementor-element elementor-element-d0abecc elementor-position-top elementor-widget elementor-widget-image-box\" data-id=\"d0abecc\" data-element_type=\"widget\" data-widget_type=\"image-box.default\">\n\t\t\t\t<div class=\"elementor-widget-container\">\n\t\t\t\t\t<div class=\"elementor-image-box-wrapper\"><figure class=\"elementor-image-box-img\"><img loading=\"lazy\" decoding=\"async\" width=\"1000\" height=\"750\" src=\"https:\/\/www.embotits.es\/wp-content\/uploads\/2023\/08\/bull_fetge.jpg\" class=\"attachment-full size-full wp-image-204\" alt=\"\" srcset=\"https:\/\/www.embotits.es\/wp-content\/uploads\/2023\/08\/bull_fetge.jpg 1000w, https:\/\/www.embotits.es\/wp-content\/uploads\/2023\/08\/bull_fetge-300x225.jpg 300w, https:\/\/www.embotits.es\/wp-content\/uploads\/2023\/08\/bull_fetge-768x576.jpg 768w\" sizes=\"(max-width: 1000px) 100vw, 1000px\" \/><\/figure><div class=\"elementor-image-box-content\"><h4 class=\"elementor-image-box-title\">Boundin de foie<\/h4><\/div><\/div>\t\t\t\t<\/div>\n\t\t\t\t<\/div>\n\t\t\t\t\t<\/div>\n\t\t<\/div>\n\t\t\t\t\t<\/div>\n\t\t<\/section>\n\t\t\t\t<section class=\"elementor-section elementor-top-section elementor-element elementor-element-7964a77 elementor-section-boxed elementor-section-height-default elementor-section-height-default\" data-id=\"7964a77\" data-element_type=\"section\">\n\t\t\t\t\t\t<div class=\"elementor-container elementor-column-gap-default\">\n\t\t\t\t\t<div class=\"elementor-column elementor-col-25 elementor-top-column elementor-element elementor-element-653d12d\" data-id=\"653d12d\" data-element_type=\"column\">\n\t\t\t<div class=\"elementor-widget-wrap elementor-element-populated\">\n\t\t\t\t\t\t<div class=\"elementor-element elementor-element-fbb0dfc elementor-position-top elementor-widget elementor-widget-image-box\" data-id=\"fbb0dfc\" data-element_type=\"widget\" data-widget_type=\"image-box.default\">\n\t\t\t\t<div class=\"elementor-widget-container\">\n\t\t\t\t\t<div class=\"elementor-image-box-wrapper\"><figure class=\"elementor-image-box-img\"><img loading=\"lazy\" decoding=\"async\" width=\"1000\" height=\"750\" src=\"https:\/\/www.embotits.es\/wp-content\/uploads\/2023\/08\/botifarra_catalana_emporda.jpg\" class=\"attachment-full size-full wp-image-199\" alt=\"\" srcset=\"https:\/\/www.embotits.es\/wp-content\/uploads\/2023\/08\/botifarra_catalana_emporda.jpg 1000w, https:\/\/www.embotits.es\/wp-content\/uploads\/2023\/08\/botifarra_catalana_emporda-300x225.jpg 300w, https:\/\/www.embotits.es\/wp-content\/uploads\/2023\/08\/botifarra_catalana_emporda-768x576.jpg 768w\" sizes=\"(max-width: 1000px) 100vw, 1000px\" \/><\/figure><div class=\"elementor-image-box-content\"><h4 class=\"elementor-image-box-title\">Saucisse Catalan<\/h4><\/div><\/div>\t\t\t\t<\/div>\n\t\t\t\t<\/div>\n\t\t\t\t\t<\/div>\n\t\t<\/div>\n\t\t\t\t<div class=\"elementor-column elementor-col-25 elementor-top-column elementor-element elementor-element-c609c6b\" data-id=\"c609c6b\" data-element_type=\"column\">\n\t\t\t<div class=\"elementor-widget-wrap elementor-element-populated\">\n\t\t\t\t\t\t<div class=\"elementor-element elementor-element-a54cfb3 elementor-position-top elementor-widget elementor-widget-image-box\" data-id=\"a54cfb3\" data-element_type=\"widget\" data-widget_type=\"image-box.default\">\n\t\t\t\t<div class=\"elementor-widget-container\">\n\t\t\t\t\t<div class=\"elementor-image-box-wrapper\"><figure class=\"elementor-image-box-img\"><img loading=\"lazy\" decoding=\"async\" width=\"1000\" height=\"750\" src=\"https:\/\/www.embotits.es\/wp-content\/uploads\/2023\/08\/botifarra_de_perol.jpg\" class=\"attachment-full size-full wp-image-201\" alt=\"\" srcset=\"https:\/\/www.embotits.es\/wp-content\/uploads\/2023\/08\/botifarra_de_perol.jpg 1000w, https:\/\/www.embotits.es\/wp-content\/uploads\/2023\/08\/botifarra_de_perol-300x225.jpg 300w, https:\/\/www.embotits.es\/wp-content\/uploads\/2023\/08\/botifarra_de_perol-768x576.jpg 768w\" sizes=\"(max-width: 1000px) 100vw, 1000px\" \/><\/figure><div class=\"elementor-image-box-content\"><h4 class=\"elementor-image-box-title\">Saucisson de perol<\/h4><\/div><\/div>\t\t\t\t<\/div>\n\t\t\t\t<\/div>\n\t\t\t\t\t<\/div>\n\t\t<\/div>\n\t\t\t\t<div class=\"elementor-column elementor-col-25 elementor-top-column elementor-element elementor-element-896fe9d\" data-id=\"896fe9d\" data-element_type=\"column\">\n\t\t\t<div class=\"elementor-widget-wrap elementor-element-populated\">\n\t\t\t\t\t\t<div class=\"elementor-element elementor-element-a808150 elementor-position-top elementor-widget elementor-widget-image-box\" data-id=\"a808150\" data-element_type=\"widget\" data-widget_type=\"image-box.default\">\n\t\t\t\t<div class=\"elementor-widget-container\">\n\t\t\t\t\t<div class=\"elementor-image-box-wrapper\"><figure class=\"elementor-image-box-img\"><img loading=\"lazy\" decoding=\"async\" width=\"1000\" height=\"750\" src=\"https:\/\/www.embotits.es\/wp-content\/uploads\/2023\/08\/botifarra_negre_prima31.jpg\" class=\"attachment-full size-full wp-image-202\" alt=\"\" srcset=\"https:\/\/www.embotits.es\/wp-content\/uploads\/2023\/08\/botifarra_negre_prima31.jpg 1000w, https:\/\/www.embotits.es\/wp-content\/uploads\/2023\/08\/botifarra_negre_prima31-300x225.jpg 300w, https:\/\/www.embotits.es\/wp-content\/uploads\/2023\/08\/botifarra_negre_prima31-768x576.jpg 768w\" sizes=\"(max-width: 1000px) 100vw, 1000px\" \/><\/figure><div class=\"elementor-image-box-content\"><h4 class=\"elementor-image-box-title\">Saucisson noir<\/h4><\/div><\/div>\t\t\t\t<\/div>\n\t\t\t\t<\/div>\n\t\t\t\t\t<\/div>\n\t\t<\/div>\n\t\t\t\t<div class=\"elementor-column elementor-col-25 elementor-top-column elementor-element elementor-element-ed498b9\" data-id=\"ed498b9\" data-element_type=\"column\">\n\t\t\t<div class=\"elementor-widget-wrap elementor-element-populated\">\n\t\t\t\t\t\t<div class=\"elementor-element elementor-element-881b399 elementor-position-top elementor-widget elementor-widget-image-box\" data-id=\"881b399\" data-element_type=\"widget\" data-widget_type=\"image-box.default\">\n\t\t\t\t<div class=\"elementor-widget-container\">\n\t\t\t\t\t<div class=\"elementor-image-box-wrapper\"><figure class=\"elementor-image-box-img\"><img loading=\"lazy\" decoding=\"async\" width=\"1000\" height=\"750\" src=\"https:\/\/www.embotits.es\/wp-content\/uploads\/2023\/08\/pernil_dolc_can_ruart.jpg\" class=\"attachment-full size-full wp-image-206\" alt=\"\" srcset=\"https:\/\/www.embotits.es\/wp-content\/uploads\/2023\/08\/pernil_dolc_can_ruart.jpg 1000w, https:\/\/www.embotits.es\/wp-content\/uploads\/2023\/08\/pernil_dolc_can_ruart-300x225.jpg 300w, https:\/\/www.embotits.es\/wp-content\/uploads\/2023\/08\/pernil_dolc_can_ruart-768x576.jpg 768w\" sizes=\"(max-width: 1000px) 100vw, 1000px\" \/><\/figure><div class=\"elementor-image-box-content\"><h4 class=\"elementor-image-box-title\">Jambon cuit<\/h4><\/div><\/div>\t\t\t\t<\/div>\n\t\t\t\t<\/div>\n\t\t\t\t\t<\/div>\n\t\t<\/div>\n\t\t\t\t\t<\/div>\n\t\t<\/section>\n\t\t\t\t<\/div>\n\t\t","protected":false},"excerpt":{"rendered":"<p>Retourner en arri\u00e8re Boundin noir Boundin blanc Boundin de t\u00eate Boundin de foie Saucisse Catalan Saucisson de perol Saucisson noir Jambon cuit<\/p>\n","protected":false},"author":1,"featured_media":0,"parent":557,"menu_order":0,"comment_status":"closed","ping_status":"closed","template":"","meta":{"footnotes":""},"class_list":["post-560","page","type-page","status-publish"],"yoast_head":"<!-- This site is optimized with the Yoast SEO plugin v26.8 - https:\/\/yoast.com\/product\/yoast-seo-wordpress\/ -->\n<title>Charcuterie cuits - Can Ruart<\/title>\n<meta name=\"description\" content=\"Venez nous rendre visite dans notre boucherie de Garrigas et Llad\u00f3 pour d\u00e9guster nos saucisses cuites fabriqu\u00e9es par Can Ruart\" \/>\n<meta name=\"robots\" content=\"index, follow, max-snippet:-1, max-image-preview:large, max-video-preview:-1\" \/>\n<link rel=\"canonical\" href=\"https:\/\/www.embotits.es\/productos\/embutidos-cocidos\/\" \/>\n<meta property=\"og:locale\" content=\"fr_FR\" \/>\n<meta property=\"og:type\" content=\"article\" \/>\n<meta property=\"og:title\" content=\"Charcuterie cuits - Can Ruart\" \/>\n<meta property=\"og:description\" content=\"Venez nous rendre visite dans notre boucherie de Garrigas et Llad\u00f3 pour d\u00e9guster nos saucisses cuites fabriqu\u00e9es par Can Ruart\" \/>\n<meta property=\"og:url\" content=\"https:\/\/www.embotits.es\/productos\/embutidos-cocidos\/\" \/>\n<meta property=\"og:site_name\" content=\"Can Ruart\" \/>\n<meta property=\"article:modified_time\" content=\"2023-08-22T15:47:36+00:00\" \/>\n<meta property=\"og:image\" content=\"https:\/\/www.embotits.es\/wp-content\/uploads\/2023\/08\/bull_negre_del_emporda.jpg\" \/>\n<meta name=\"twitter:card\" content=\"summary_large_image\" \/>\n<script type=\"application\/ld+json\" class=\"yoast-schema-graph\">{\"@context\":\"https:\/\/schema.org\",\"@graph\":[{\"@type\":\"WebPage\",\"@id\":\"https:\/\/www.embotits.es\/productos\/embutidos-cocidos\/\",\"url\":\"https:\/\/www.embotits.es\/productos\/embutidos-cocidos\/\",\"name\":\"Charcuterie cuits - Can Ruart\",\"isPartOf\":{\"@id\":\"https:\/\/www.embotits.es\/#website\"},\"primaryImageOfPage\":{\"@id\":\"https:\/\/www.embotits.es\/productos\/embutidos-cocidos\/#primaryimage\"},\"image\":{\"@id\":\"https:\/\/www.embotits.es\/productos\/embutidos-cocidos\/#primaryimage\"},\"thumbnailUrl\":\"https:\/\/www.embotits.es\/wp-content\/uploads\/2023\/08\/bull_negre_del_emporda.jpg\",\"datePublished\":\"2023-08-17T10:27:54+00:00\",\"dateModified\":\"2023-08-22T15:47:36+00:00\",\"description\":\"Venez nous rendre visite dans notre boucherie de Garrigas et Llad\u00f3 pour d\u00e9guster nos saucisses cuites fabriqu\u00e9es par Can Ruart\",\"breadcrumb\":{\"@id\":\"https:\/\/www.embotits.es\/productos\/embutidos-cocidos\/#breadcrumb\"},\"inLanguage\":\"fr-FR\",\"potentialAction\":[{\"@type\":\"ReadAction\",\"target\":[\"https:\/\/www.embotits.es\/productos\/embutidos-cocidos\/\"]}]},{\"@type\":\"ImageObject\",\"inLanguage\":\"fr-FR\",\"@id\":\"https:\/\/www.embotits.es\/productos\/embutidos-cocidos\/#primaryimage\",\"url\":\"https:\/\/www.embotits.es\/wp-content\/uploads\/2023\/08\/bull_negre_del_emporda.jpg\",\"contentUrl\":\"https:\/\/www.embotits.es\/wp-content\/uploads\/2023\/08\/bull_negre_del_emporda.jpg\"},{\"@type\":\"BreadcrumbList\",\"@id\":\"https:\/\/www.embotits.es\/productos\/embutidos-cocidos\/#breadcrumb\",\"itemListElement\":[{\"@type\":\"ListItem\",\"position\":1,\"name\":\"Portada\",\"item\":\"https:\/\/www.embotits.es\/fr\/accueil\/\"},{\"@type\":\"ListItem\",\"position\":2,\"name\":\"Produits\",\"item\":\"https:\/\/www.embotits.es\/productos\/\"},{\"@type\":\"ListItem\",\"position\":3,\"name\":\"Charcuterie cuits\"}]},{\"@type\":\"WebSite\",\"@id\":\"https:\/\/www.embotits.es\/#website\",\"url\":\"https:\/\/www.embotits.es\/\",\"name\":\"Can Ruart\",\"description\":\"El rac\u00f3 de l&#039;embotit\",\"publisher\":{\"@id\":\"https:\/\/www.embotits.es\/#organization\"},\"potentialAction\":[{\"@type\":\"SearchAction\",\"target\":{\"@type\":\"EntryPoint\",\"urlTemplate\":\"https:\/\/www.embotits.es\/?s={search_term_string}\"},\"query-input\":{\"@type\":\"PropertyValueSpecification\",\"valueRequired\":true,\"valueName\":\"search_term_string\"}}],\"inLanguage\":\"fr-FR\"},{\"@type\":\"Organization\",\"@id\":\"https:\/\/www.embotits.es\/#organization\",\"name\":\"Can Ruart\",\"url\":\"https:\/\/www.embotits.es\/\",\"logo\":{\"@type\":\"ImageObject\",\"inLanguage\":\"fr-FR\",\"@id\":\"https:\/\/www.embotits.es\/#\/schema\/logo\/image\/\",\"url\":\"https:\/\/www.embotits.es\/wp-content\/uploads\/2023\/08\/logo-Can-Ruart.jpg\",\"contentUrl\":\"https:\/\/www.embotits.es\/wp-content\/uploads\/2023\/08\/logo-Can-Ruart.jpg\",\"width\":806,\"height\":300,\"caption\":\"Can Ruart\"},\"image\":{\"@id\":\"https:\/\/www.embotits.es\/#\/schema\/logo\/image\/\"}}]}<\/script>\n<!-- \/ Yoast SEO plugin. -->","yoast_head_json":{"title":"Charcuterie cuits - Can Ruart","description":"Venez nous rendre visite dans notre boucherie de Garrigas et Llad\u00f3 pour d\u00e9guster nos saucisses cuites fabriqu\u00e9es par Can Ruart","robots":{"index":"index","follow":"follow","max-snippet":"max-snippet:-1","max-image-preview":"max-image-preview:large","max-video-preview":"max-video-preview:-1"},"canonical":"https:\/\/www.embotits.es\/productos\/embutidos-cocidos\/","og_locale":"fr_FR","og_type":"article","og_title":"Charcuterie cuits - Can Ruart","og_description":"Venez nous rendre visite dans notre boucherie de Garrigas et Llad\u00f3 pour d\u00e9guster nos saucisses cuites fabriqu\u00e9es par Can Ruart","og_url":"https:\/\/www.embotits.es\/productos\/embutidos-cocidos\/","og_site_name":"Can Ruart","article_modified_time":"2023-08-22T15:47:36+00:00","og_image":[{"url":"https:\/\/www.embotits.es\/wp-content\/uploads\/2023\/08\/bull_negre_del_emporda.jpg","type":"","width":"","height":""}],"twitter_card":"summary_large_image","schema":{"@context":"https:\/\/schema.org","@graph":[{"@type":"WebPage","@id":"https:\/\/www.embotits.es\/productos\/embutidos-cocidos\/","url":"https:\/\/www.embotits.es\/productos\/embutidos-cocidos\/","name":"Charcuterie cuits - Can Ruart","isPartOf":{"@id":"https:\/\/www.embotits.es\/#website"},"primaryImageOfPage":{"@id":"https:\/\/www.embotits.es\/productos\/embutidos-cocidos\/#primaryimage"},"image":{"@id":"https:\/\/www.embotits.es\/productos\/embutidos-cocidos\/#primaryimage"},"thumbnailUrl":"https:\/\/www.embotits.es\/wp-content\/uploads\/2023\/08\/bull_negre_del_emporda.jpg","datePublished":"2023-08-17T10:27:54+00:00","dateModified":"2023-08-22T15:47:36+00:00","description":"Venez nous rendre visite dans notre boucherie de Garrigas et Llad\u00f3 pour d\u00e9guster nos saucisses cuites fabriqu\u00e9es par Can Ruart","breadcrumb":{"@id":"https:\/\/www.embotits.es\/productos\/embutidos-cocidos\/#breadcrumb"},"inLanguage":"fr-FR","potentialAction":[{"@type":"ReadAction","target":["https:\/\/www.embotits.es\/productos\/embutidos-cocidos\/"]}]},{"@type":"ImageObject","inLanguage":"fr-FR","@id":"https:\/\/www.embotits.es\/productos\/embutidos-cocidos\/#primaryimage","url":"https:\/\/www.embotits.es\/wp-content\/uploads\/2023\/08\/bull_negre_del_emporda.jpg","contentUrl":"https:\/\/www.embotits.es\/wp-content\/uploads\/2023\/08\/bull_negre_del_emporda.jpg"},{"@type":"BreadcrumbList","@id":"https:\/\/www.embotits.es\/productos\/embutidos-cocidos\/#breadcrumb","itemListElement":[{"@type":"ListItem","position":1,"name":"Portada","item":"https:\/\/www.embotits.es\/fr\/accueil\/"},{"@type":"ListItem","position":2,"name":"Produits","item":"https:\/\/www.embotits.es\/productos\/"},{"@type":"ListItem","position":3,"name":"Charcuterie cuits"}]},{"@type":"WebSite","@id":"https:\/\/www.embotits.es\/#website","url":"https:\/\/www.embotits.es\/","name":"Can Ruart","description":"El rac\u00f3 de l&#039;embotit","publisher":{"@id":"https:\/\/www.embotits.es\/#organization"},"potentialAction":[{"@type":"SearchAction","target":{"@type":"EntryPoint","urlTemplate":"https:\/\/www.embotits.es\/?s={search_term_string}"},"query-input":{"@type":"PropertyValueSpecification","valueRequired":true,"valueName":"search_term_string"}}],"inLanguage":"fr-FR"},{"@type":"Organization","@id":"https:\/\/www.embotits.es\/#organization","name":"Can Ruart","url":"https:\/\/www.embotits.es\/","logo":{"@type":"ImageObject","inLanguage":"fr-FR","@id":"https:\/\/www.embotits.es\/#\/schema\/logo\/image\/","url":"https:\/\/www.embotits.es\/wp-content\/uploads\/2023\/08\/logo-Can-Ruart.jpg","contentUrl":"https:\/\/www.embotits.es\/wp-content\/uploads\/2023\/08\/logo-Can-Ruart.jpg","width":806,"height":300,"caption":"Can Ruart"},"image":{"@id":"https:\/\/www.embotits.es\/#\/schema\/logo\/image\/"}}]}},"_links":{"self":[{"href":"https:\/\/www.embotits.es\/fr\/wp-json\/wp\/v2\/pages\/560","targetHints":{"allow":["GET"]}}],"collection":[{"href":"https:\/\/www.embotits.es\/fr\/wp-json\/wp\/v2\/pages"}],"about":[{"href":"https:\/\/www.embotits.es\/fr\/wp-json\/wp\/v2\/types\/page"}],"author":[{"embeddable":true,"href":"https:\/\/www.embotits.es\/fr\/wp-json\/wp\/v2\/users\/1"}],"replies":[{"embeddable":true,"href":"https:\/\/www.embotits.es\/fr\/wp-json\/wp\/v2\/comments?post=560"}],"version-history":[{"count":2,"href":"https:\/\/www.embotits.es\/fr\/wp-json\/wp\/v2\/pages\/560\/revisions"}],"predecessor-version":[{"id":629,"href":"https:\/\/www.embotits.es\/fr\/wp-json\/wp\/v2\/pages\/560\/revisions\/629"}],"up":[{"embeddable":true,"href":"https:\/\/www.embotits.es\/fr\/wp-json\/wp\/v2\/pages\/557"}],"wp:attachment":[{"href":"https:\/\/www.embotits.es\/fr\/wp-json\/wp\/v2\/media?parent=560"}],"curies":[{"name":"wp","href":"https:\/\/api.w.org\/{rel}","templated":true}]}}