{"id":562,"date":"2023-08-17T12:26:12","date_gmt":"2023-08-17T10:26:12","guid":{"rendered":"https:\/\/www.embotits.es\/produits\/charcuterie-seche\/"},"modified":"2023-08-22T17:46:35","modified_gmt":"2023-08-22T15:46:35","slug":"charcuterie-seche","status":"publish","type":"page","link":"https:\/\/www.embotits.es\/fr\/produits\/charcuterie-seche\/","title":{"rendered":"Charcuterie s\u00e8che"},"content":{"rendered":"\t\t<div data-elementor-type=\"wp-page\" data-elementor-id=\"562\" class=\"elementor elementor-562 elementor-171\" data-elementor-post-type=\"page\">\n\t\t\t\t\t\t<section class=\"elementor-section elementor-top-section elementor-element elementor-element-8bb5ee7 elementor-section-height-min-height elementor-section-boxed elementor-section-height-default elementor-section-items-middle\" data-id=\"8bb5ee7\" data-element_type=\"section\" data-settings=\"{&quot;background_background&quot;:&quot;classic&quot;}\">\n\t\t\t\t\t\t\t<div class=\"elementor-background-overlay\"><\/div>\n\t\t\t\t\t\t\t<div class=\"elementor-container elementor-column-gap-default\">\n\t\t\t\t\t<div class=\"elementor-column elementor-col-100 elementor-top-column elementor-element elementor-element-61a0484\" data-id=\"61a0484\" data-element_type=\"column\">\n\t\t\t<div class=\"elementor-widget-wrap elementor-element-populated\">\n\t\t\t\t\t\t<div class=\"elementor-element elementor-element-5b45ef6 elementor-widget elementor-widget-heading\" data-id=\"5b45ef6\" data-element_type=\"widget\" data-widget_type=\"heading.default\">\n\t\t\t\t<div class=\"elementor-widget-container\">\n\t\t\t\t\t<h1 class=\"elementor-heading-title elementor-size-default\">Charcuterie s\u00e8che<\/h1>\t\t\t\t<\/div>\n\t\t\t\t<\/div>\n\t\t\t\t\t<\/div>\n\t\t<\/div>\n\t\t\t\t\t<\/div>\n\t\t<\/section>\n\t\t\t\t<section class=\"elementor-section elementor-top-section elementor-element elementor-element-48b928d elementor-section-boxed elementor-section-height-default elementor-section-height-default\" data-id=\"48b928d\" data-element_type=\"section\">\n\t\t\t\t\t\t<div class=\"elementor-container elementor-column-gap-default\">\n\t\t\t\t\t<div class=\"elementor-column elementor-col-100 elementor-top-column elementor-element elementor-element-68dc948\" data-id=\"68dc948\" data-element_type=\"column\">\n\t\t\t<div class=\"elementor-widget-wrap elementor-element-populated\">\n\t\t\t\t\t\t<div class=\"elementor-element elementor-element-0b839b6 elementor-position-inline-start elementor-mobile-position-inline-start elementor-view-default elementor-widget elementor-widget-icon-box\" data-id=\"0b839b6\" data-element_type=\"widget\" data-widget_type=\"icon-box.default\">\n\t\t\t\t<div class=\"elementor-widget-container\">\n\t\t\t\t\t\t\t<div class=\"elementor-icon-box-wrapper\">\n\n\t\t\t\t\t\t<div class=\"elementor-icon-box-icon\">\n\t\t\t\t<a href=\"https:\/\/www.embotits.es\/fr\/produits\/\" class=\"elementor-icon\" tabindex=\"-1\" aria-label=\"Retourner en arri\u00e8re\">\n\t\t\t\t<i aria-hidden=\"true\" class=\"fas fa-arrow-alt-circle-left\"><\/i>\t\t\t\t<\/a>\n\t\t\t<\/div>\n\t\t\t\n\t\t\t\t\t\t<div class=\"elementor-icon-box-content\">\n\n\t\t\t\t\t\t\t\t\t<p class=\"elementor-icon-box-title\">\n\t\t\t\t\t\t<a href=\"https:\/\/www.embotits.es\/fr\/produits\/\" >\n\t\t\t\t\t\t\tRetourner en arri\u00e8re\t\t\t\t\t\t<\/a>\n\t\t\t\t\t<\/p>\n\t\t\t\t\n\t\t\t\t\n\t\t\t<\/div>\n\t\t\t\n\t\t<\/div>\n\t\t\t\t\t\t<\/div>\n\t\t\t\t<\/div>\n\t\t\t\t\t<\/div>\n\t\t<\/div>\n\t\t\t\t\t<\/div>\n\t\t<\/section>\n\t\t\t\t<section class=\"elementor-section elementor-top-section elementor-element elementor-element-0e3ce8f elementor-section-boxed elementor-section-height-default elementor-section-height-default\" data-id=\"0e3ce8f\" data-element_type=\"section\">\n\t\t\t\t\t\t<div class=\"elementor-container elementor-column-gap-default\">\n\t\t\t\t\t<div class=\"elementor-column elementor-col-25 elementor-top-column elementor-element elementor-element-c3ce30f\" data-id=\"c3ce30f\" data-element_type=\"column\">\n\t\t\t<div class=\"elementor-widget-wrap elementor-element-populated\">\n\t\t\t\t\t\t<div class=\"elementor-element elementor-element-6121315 elementor-position-top elementor-widget elementor-widget-image-box\" data-id=\"6121315\" data-element_type=\"widget\" data-widget_type=\"image-box.default\">\n\t\t\t\t<div class=\"elementor-widget-container\">\n\t\t\t\t\t<div class=\"elementor-image-box-wrapper\"><figure class=\"elementor-image-box-img\"><img fetchpriority=\"high\" decoding=\"async\" width=\"1000\" height=\"750\" src=\"https:\/\/www.embotits.es\/wp-content\/uploads\/2023\/08\/beicon_salat.jpg\" class=\"attachment-full size-full wp-image-191\" alt=\"\" srcset=\"https:\/\/www.embotits.es\/wp-content\/uploads\/2023\/08\/beicon_salat.jpg 1000w, https:\/\/www.embotits.es\/wp-content\/uploads\/2023\/08\/beicon_salat-300x225.jpg 300w, https:\/\/www.embotits.es\/wp-content\/uploads\/2023\/08\/beicon_salat-768x576.jpg 768w\" sizes=\"(max-width: 1000px) 100vw, 1000px\" \/><\/figure><div class=\"elementor-image-box-content\"><h4 class=\"elementor-image-box-title\">Bacon<\/h4><\/div><\/div>\t\t\t\t<\/div>\n\t\t\t\t<\/div>\n\t\t\t\t\t<\/div>\n\t\t<\/div>\n\t\t\t\t<div class=\"elementor-column elementor-col-25 elementor-top-column elementor-element elementor-element-d16f1ce\" data-id=\"d16f1ce\" data-element_type=\"column\">\n\t\t\t<div class=\"elementor-widget-wrap elementor-element-populated\">\n\t\t\t\t\t\t<div class=\"elementor-element elementor-element-c8a0bef elementor-position-top elementor-widget elementor-widget-image-box\" data-id=\"c8a0bef\" data-element_type=\"widget\" data-widget_type=\"image-box.default\">\n\t\t\t\t<div class=\"elementor-widget-container\">\n\t\t\t\t\t<div class=\"elementor-image-box-wrapper\"><figure class=\"elementor-image-box-img\"><img decoding=\"async\" width=\"1000\" height=\"750\" src=\"https:\/\/www.embotits.es\/wp-content\/uploads\/2023\/08\/botifarra_dolca_seca.jpg\" class=\"attachment-full size-full wp-image-192\" alt=\"\" srcset=\"https:\/\/www.embotits.es\/wp-content\/uploads\/2023\/08\/botifarra_dolca_seca.jpg 1000w, https:\/\/www.embotits.es\/wp-content\/uploads\/2023\/08\/botifarra_dolca_seca-300x225.jpg 300w, https:\/\/www.embotits.es\/wp-content\/uploads\/2023\/08\/botifarra_dolca_seca-768x576.jpg 768w\" sizes=\"(max-width: 1000px) 100vw, 1000px\" \/><\/figure><div class=\"elementor-image-box-content\"><h4 class=\"elementor-image-box-title\">Longe de porc sec<\/h4><\/div><\/div>\t\t\t\t<\/div>\n\t\t\t\t<\/div>\n\t\t\t\t\t<\/div>\n\t\t<\/div>\n\t\t\t\t<div class=\"elementor-column elementor-col-25 elementor-top-column elementor-element elementor-element-4ceecea\" data-id=\"4ceecea\" data-element_type=\"column\">\n\t\t\t<div class=\"elementor-widget-wrap elementor-element-populated\">\n\t\t\t\t\t\t<div class=\"elementor-element elementor-element-34335b6 elementor-position-top elementor-widget elementor-widget-image-box\" data-id=\"34335b6\" data-element_type=\"widget\" data-widget_type=\"image-box.default\">\n\t\t\t\t<div class=\"elementor-widget-container\">\n\t\t\t\t\t<div class=\"elementor-image-box-wrapper\"><figure class=\"elementor-image-box-img\"><img decoding=\"async\" width=\"1000\" height=\"750\" src=\"https:\/\/www.embotits.es\/wp-content\/uploads\/2023\/08\/fuet_catala.jpg\" class=\"attachment-full size-full wp-image-193\" alt=\"\" srcset=\"https:\/\/www.embotits.es\/wp-content\/uploads\/2023\/08\/fuet_catala.jpg 1000w, https:\/\/www.embotits.es\/wp-content\/uploads\/2023\/08\/fuet_catala-300x225.jpg 300w, https:\/\/www.embotits.es\/wp-content\/uploads\/2023\/08\/fuet_catala-768x576.jpg 768w\" sizes=\"(max-width: 1000px) 100vw, 1000px\" \/><\/figure><div class=\"elementor-image-box-content\"><h4 class=\"elementor-image-box-title\">Saucisse sec<\/h4><\/div><\/div>\t\t\t\t<\/div>\n\t\t\t\t<\/div>\n\t\t\t\t\t<\/div>\n\t\t<\/div>\n\t\t\t\t<div class=\"elementor-column elementor-col-25 elementor-top-column elementor-element elementor-element-8573e1f\" data-id=\"8573e1f\" data-element_type=\"column\">\n\t\t\t<div class=\"elementor-widget-wrap elementor-element-populated\">\n\t\t\t\t\t\t<div class=\"elementor-element elementor-element-5c7bf9d elementor-position-top elementor-widget elementor-widget-image-box\" data-id=\"5c7bf9d\" data-element_type=\"widget\" data-widget_type=\"image-box.default\">\n\t\t\t\t<div class=\"elementor-widget-container\">\n\t\t\t\t\t<div class=\"elementor-image-box-wrapper\"><figure class=\"elementor-image-box-img\"><img loading=\"lazy\" decoding=\"async\" width=\"1000\" height=\"750\" src=\"https:\/\/www.embotits.es\/wp-content\/uploads\/2023\/08\/llom_del_coll1.jpg\" class=\"attachment-full size-full wp-image-194\" alt=\"\" srcset=\"https:\/\/www.embotits.es\/wp-content\/uploads\/2023\/08\/llom_del_coll1.jpg 1000w, https:\/\/www.embotits.es\/wp-content\/uploads\/2023\/08\/llom_del_coll1-300x225.jpg 300w, https:\/\/www.embotits.es\/wp-content\/uploads\/2023\/08\/llom_del_coll1-768x576.jpg 768w\" sizes=\"(max-width: 1000px) 100vw, 1000px\" \/><\/figure><div class=\"elementor-image-box-content\"><h4 class=\"elementor-image-box-title\">Longe du porc sec<\/h4><\/div><\/div>\t\t\t\t<\/div>\n\t\t\t\t<\/div>\n\t\t\t\t\t<\/div>\n\t\t<\/div>\n\t\t\t\t\t<\/div>\n\t\t<\/section>\n\t\t\t\t<section class=\"elementor-section elementor-top-section elementor-element elementor-element-4ef4130 elementor-section-boxed elementor-section-height-default elementor-section-height-default\" data-id=\"4ef4130\" data-element_type=\"section\">\n\t\t\t\t\t\t<div class=\"elementor-container elementor-column-gap-default\">\n\t\t\t\t\t<div class=\"elementor-column elementor-col-25 elementor-top-column elementor-element elementor-element-f14e2c5\" data-id=\"f14e2c5\" data-element_type=\"column\">\n\t\t\t<div class=\"elementor-widget-wrap elementor-element-populated\">\n\t\t\t\t\t\t<div class=\"elementor-element elementor-element-396b570 elementor-position-top elementor-widget elementor-widget-image-box\" data-id=\"396b570\" data-element_type=\"widget\" data-widget_type=\"image-box.default\">\n\t\t\t\t<div class=\"elementor-widget-container\">\n\t\t\t\t\t<div class=\"elementor-image-box-wrapper\"><figure class=\"elementor-image-box-img\"><img loading=\"lazy\" decoding=\"async\" width=\"1000\" height=\"750\" src=\"https:\/\/www.embotits.es\/wp-content\/uploads\/2023\/08\/llom_magre.jpg\" class=\"attachment-full size-full wp-image-195\" alt=\"\" srcset=\"https:\/\/www.embotits.es\/wp-content\/uploads\/2023\/08\/llom_magre.jpg 1000w, https:\/\/www.embotits.es\/wp-content\/uploads\/2023\/08\/llom_magre-300x225.jpg 300w, https:\/\/www.embotits.es\/wp-content\/uploads\/2023\/08\/llom_magre-768x576.jpg 768w\" sizes=\"(max-width: 1000px) 100vw, 1000px\" \/><\/figure><div class=\"elementor-image-box-content\"><h4 class=\"elementor-image-box-title\">Longe du cou sec<\/h4><\/div><\/div>\t\t\t\t<\/div>\n\t\t\t\t<\/div>\n\t\t\t\t\t<\/div>\n\t\t<\/div>\n\t\t\t\t<div class=\"elementor-column elementor-col-25 elementor-top-column elementor-element elementor-element-5420f53\" data-id=\"5420f53\" data-element_type=\"column\">\n\t\t\t<div class=\"elementor-widget-wrap elementor-element-populated\">\n\t\t\t\t\t\t<div class=\"elementor-element elementor-element-345ff6b elementor-position-top elementor-widget elementor-widget-image-box\" data-id=\"345ff6b\" data-element_type=\"widget\" data-widget_type=\"image-box.default\">\n\t\t\t\t<div class=\"elementor-widget-container\">\n\t\t\t\t\t<div class=\"elementor-image-box-wrapper\"><figure class=\"elementor-image-box-img\"><img loading=\"lazy\" decoding=\"async\" width=\"1000\" height=\"750\" src=\"https:\/\/www.embotits.es\/wp-content\/uploads\/2023\/08\/llonganissa_pages.jpg\" class=\"attachment-full size-full wp-image-196\" alt=\"\" srcset=\"https:\/\/www.embotits.es\/wp-content\/uploads\/2023\/08\/llonganissa_pages.jpg 1000w, https:\/\/www.embotits.es\/wp-content\/uploads\/2023\/08\/llonganissa_pages-300x225.jpg 300w, https:\/\/www.embotits.es\/wp-content\/uploads\/2023\/08\/llonganissa_pages-768x576.jpg 768w\" sizes=\"(max-width: 1000px) 100vw, 1000px\" \/><\/figure><div class=\"elementor-image-box-content\"><h4 class=\"elementor-image-box-title\">Saucisson sec<\/h4><\/div><\/div>\t\t\t\t<\/div>\n\t\t\t\t<\/div>\n\t\t\t\t\t<\/div>\n\t\t<\/div>\n\t\t\t\t<div class=\"elementor-column elementor-col-25 elementor-top-column elementor-element elementor-element-e7002b0\" data-id=\"e7002b0\" data-element_type=\"column\">\n\t\t\t<div class=\"elementor-widget-wrap elementor-element-populated\">\n\t\t\t\t\t\t<div class=\"elementor-element elementor-element-6fc3417 elementor-position-top elementor-widget elementor-widget-image-box\" data-id=\"6fc3417\" data-element_type=\"widget\" data-widget_type=\"image-box.default\">\n\t\t\t\t<div class=\"elementor-widget-container\">\n\t\t\t\t\t<div class=\"elementor-image-box-wrapper\"><figure class=\"elementor-image-box-img\"><img loading=\"lazy\" decoding=\"async\" width=\"1000\" height=\"750\" src=\"https:\/\/www.embotits.es\/wp-content\/uploads\/2023\/08\/secallona_de_garrigas.jpg\" class=\"attachment-full size-full wp-image-197\" alt=\"\" srcset=\"https:\/\/www.embotits.es\/wp-content\/uploads\/2023\/08\/secallona_de_garrigas.jpg 1000w, https:\/\/www.embotits.es\/wp-content\/uploads\/2023\/08\/secallona_de_garrigas-300x225.jpg 300w, https:\/\/www.embotits.es\/wp-content\/uploads\/2023\/08\/secallona_de_garrigas-768x576.jpg 768w\" sizes=\"(max-width: 1000px) 100vw, 1000px\" \/><\/figure><div class=\"elementor-image-box-content\"><h4 class=\"elementor-image-box-title\">Secallona<\/h4><\/div><\/div>\t\t\t\t<\/div>\n\t\t\t\t<\/div>\n\t\t\t\t\t<\/div>\n\t\t<\/div>\n\t\t\t\t<div class=\"elementor-column elementor-col-25 elementor-top-column elementor-element elementor-element-df5228a\" data-id=\"df5228a\" data-element_type=\"column\">\n\t\t\t<div class=\"elementor-widget-wrap elementor-element-populated\">\n\t\t\t\t\t\t<div class=\"elementor-element elementor-element-3c846d1 elementor-position-top elementor-widget elementor-widget-image-box\" data-id=\"3c846d1\" data-element_type=\"widget\" data-widget_type=\"image-box.default\">\n\t\t\t\t<div class=\"elementor-widget-container\">\n\t\t\t\t\t<div class=\"elementor-image-box-wrapper\"><figure class=\"elementor-image-box-img\"><img loading=\"lazy\" decoding=\"async\" width=\"1000\" height=\"750\" src=\"https:\/\/www.embotits.es\/wp-content\/uploads\/2023\/08\/secallonetes_del_emporda3.jpg\" class=\"attachment-full size-full wp-image-198\" alt=\"\" srcset=\"https:\/\/www.embotits.es\/wp-content\/uploads\/2023\/08\/secallonetes_del_emporda3.jpg 1000w, https:\/\/www.embotits.es\/wp-content\/uploads\/2023\/08\/secallonetes_del_emporda3-300x225.jpg 300w, https:\/\/www.embotits.es\/wp-content\/uploads\/2023\/08\/secallonetes_del_emporda3-768x576.jpg 768w\" sizes=\"(max-width: 1000px) 100vw, 1000px\" \/><\/figure><div class=\"elementor-image-box-content\"><h4 class=\"elementor-image-box-title\">Secalloneta<\/h4><\/div><\/div>\t\t\t\t<\/div>\n\t\t\t\t<\/div>\n\t\t\t\t\t<\/div>\n\t\t<\/div>\n\t\t\t\t\t<\/div>\n\t\t<\/section>\n\t\t\t\t<\/div>\n\t\t","protected":false},"excerpt":{"rendered":"<p>Retourner en arri\u00e8re Bacon Longe de porc sec Saucisse sec Longe du porc sec Longe du cou sec Saucisson sec Secallona Secalloneta<\/p>\n","protected":false},"author":1,"featured_media":0,"parent":557,"menu_order":0,"comment_status":"closed","ping_status":"closed","template":"","meta":{"footnotes":""},"class_list":["post-562","page","type-page","status-publish"],"yoast_head":"<!-- This site is optimized with the Yoast SEO plugin v26.8 - https:\/\/yoast.com\/product\/yoast-seo-wordpress\/ -->\n<title>Charcuterie s\u00e8che - Can Ruart<\/title>\n<meta name=\"description\" content=\"Venez nous rendre visite dans notre boucherie de Garrigas et Llad\u00f3 pour d\u00e9guster nos charcuteries fabriqu\u00e9es par Can Ruart.\" \/>\n<meta name=\"robots\" content=\"index, follow, max-snippet:-1, max-image-preview:large, max-video-preview:-1\" \/>\n<link rel=\"canonical\" href=\"https:\/\/www.embotits.es\/productos\/embutidos-curados\/\" \/>\n<meta property=\"og:locale\" content=\"fr_FR\" \/>\n<meta property=\"og:type\" content=\"article\" \/>\n<meta property=\"og:title\" content=\"Charcuterie s\u00e8che - Can Ruart\" \/>\n<meta property=\"og:description\" content=\"Venez nous rendre visite dans notre boucherie de Garrigas et Llad\u00f3 pour d\u00e9guster nos charcuteries fabriqu\u00e9es par Can Ruart.\" \/>\n<meta property=\"og:url\" content=\"https:\/\/www.embotits.es\/productos\/embutidos-curados\/\" \/>\n<meta property=\"og:site_name\" content=\"Can Ruart\" \/>\n<meta property=\"article:modified_time\" content=\"2023-08-22T15:46:35+00:00\" \/>\n<meta property=\"og:image\" content=\"https:\/\/www.embotits.es\/wp-content\/uploads\/2023\/08\/beicon_salat.jpg\" \/>\n<meta name=\"twitter:card\" content=\"summary_large_image\" \/>\n<script type=\"application\/ld+json\" class=\"yoast-schema-graph\">{\"@context\":\"https:\/\/schema.org\",\"@graph\":[{\"@type\":\"WebPage\",\"@id\":\"https:\/\/www.embotits.es\/productos\/embutidos-curados\/\",\"url\":\"https:\/\/www.embotits.es\/productos\/embutidos-curados\/\",\"name\":\"Charcuterie s\u00e8che - Can Ruart\",\"isPartOf\":{\"@id\":\"https:\/\/www.embotits.es\/#website\"},\"primaryImageOfPage\":{\"@id\":\"https:\/\/www.embotits.es\/productos\/embutidos-curados\/#primaryimage\"},\"image\":{\"@id\":\"https:\/\/www.embotits.es\/productos\/embutidos-curados\/#primaryimage\"},\"thumbnailUrl\":\"https:\/\/www.embotits.es\/wp-content\/uploads\/2023\/08\/beicon_salat.jpg\",\"datePublished\":\"2023-08-17T10:26:12+00:00\",\"dateModified\":\"2023-08-22T15:46:35+00:00\",\"description\":\"Venez nous rendre visite dans notre boucherie de Garrigas et Llad\u00f3 pour d\u00e9guster nos charcuteries fabriqu\u00e9es par Can Ruart.\",\"breadcrumb\":{\"@id\":\"https:\/\/www.embotits.es\/productos\/embutidos-curados\/#breadcrumb\"},\"inLanguage\":\"fr-FR\",\"potentialAction\":[{\"@type\":\"ReadAction\",\"target\":[\"https:\/\/www.embotits.es\/productos\/embutidos-curados\/\"]}]},{\"@type\":\"ImageObject\",\"inLanguage\":\"fr-FR\",\"@id\":\"https:\/\/www.embotits.es\/productos\/embutidos-curados\/#primaryimage\",\"url\":\"https:\/\/www.embotits.es\/wp-content\/uploads\/2023\/08\/beicon_salat.jpg\",\"contentUrl\":\"https:\/\/www.embotits.es\/wp-content\/uploads\/2023\/08\/beicon_salat.jpg\"},{\"@type\":\"BreadcrumbList\",\"@id\":\"https:\/\/www.embotits.es\/productos\/embutidos-curados\/#breadcrumb\",\"itemListElement\":[{\"@type\":\"ListItem\",\"position\":1,\"name\":\"Portada\",\"item\":\"https:\/\/www.embotits.es\/fr\/accueil\/\"},{\"@type\":\"ListItem\",\"position\":2,\"name\":\"Produits\",\"item\":\"https:\/\/www.embotits.es\/productos\/\"},{\"@type\":\"ListItem\",\"position\":3,\"name\":\"Charcuterie s\u00e8che\"}]},{\"@type\":\"WebSite\",\"@id\":\"https:\/\/www.embotits.es\/#website\",\"url\":\"https:\/\/www.embotits.es\/\",\"name\":\"Can Ruart\",\"description\":\"El rac\u00f3 de l&#039;embotit\",\"publisher\":{\"@id\":\"https:\/\/www.embotits.es\/#organization\"},\"potentialAction\":[{\"@type\":\"SearchAction\",\"target\":{\"@type\":\"EntryPoint\",\"urlTemplate\":\"https:\/\/www.embotits.es\/?s={search_term_string}\"},\"query-input\":{\"@type\":\"PropertyValueSpecification\",\"valueRequired\":true,\"valueName\":\"search_term_string\"}}],\"inLanguage\":\"fr-FR\"},{\"@type\":\"Organization\",\"@id\":\"https:\/\/www.embotits.es\/#organization\",\"name\":\"Can Ruart\",\"url\":\"https:\/\/www.embotits.es\/\",\"logo\":{\"@type\":\"ImageObject\",\"inLanguage\":\"fr-FR\",\"@id\":\"https:\/\/www.embotits.es\/#\/schema\/logo\/image\/\",\"url\":\"https:\/\/www.embotits.es\/wp-content\/uploads\/2023\/08\/logo-Can-Ruart.jpg\",\"contentUrl\":\"https:\/\/www.embotits.es\/wp-content\/uploads\/2023\/08\/logo-Can-Ruart.jpg\",\"width\":806,\"height\":300,\"caption\":\"Can Ruart\"},\"image\":{\"@id\":\"https:\/\/www.embotits.es\/#\/schema\/logo\/image\/\"}}]}<\/script>\n<!-- \/ Yoast SEO plugin. -->","yoast_head_json":{"title":"Charcuterie s\u00e8che - Can Ruart","description":"Venez nous rendre visite dans notre boucherie de Garrigas et Llad\u00f3 pour d\u00e9guster nos charcuteries fabriqu\u00e9es par Can Ruart.","robots":{"index":"index","follow":"follow","max-snippet":"max-snippet:-1","max-image-preview":"max-image-preview:large","max-video-preview":"max-video-preview:-1"},"canonical":"https:\/\/www.embotits.es\/productos\/embutidos-curados\/","og_locale":"fr_FR","og_type":"article","og_title":"Charcuterie s\u00e8che - Can Ruart","og_description":"Venez nous rendre visite dans notre boucherie de Garrigas et Llad\u00f3 pour d\u00e9guster nos charcuteries fabriqu\u00e9es par Can Ruart.","og_url":"https:\/\/www.embotits.es\/productos\/embutidos-curados\/","og_site_name":"Can Ruart","article_modified_time":"2023-08-22T15:46:35+00:00","og_image":[{"url":"https:\/\/www.embotits.es\/wp-content\/uploads\/2023\/08\/beicon_salat.jpg","type":"","width":"","height":""}],"twitter_card":"summary_large_image","schema":{"@context":"https:\/\/schema.org","@graph":[{"@type":"WebPage","@id":"https:\/\/www.embotits.es\/productos\/embutidos-curados\/","url":"https:\/\/www.embotits.es\/productos\/embutidos-curados\/","name":"Charcuterie s\u00e8che - Can Ruart","isPartOf":{"@id":"https:\/\/www.embotits.es\/#website"},"primaryImageOfPage":{"@id":"https:\/\/www.embotits.es\/productos\/embutidos-curados\/#primaryimage"},"image":{"@id":"https:\/\/www.embotits.es\/productos\/embutidos-curados\/#primaryimage"},"thumbnailUrl":"https:\/\/www.embotits.es\/wp-content\/uploads\/2023\/08\/beicon_salat.jpg","datePublished":"2023-08-17T10:26:12+00:00","dateModified":"2023-08-22T15:46:35+00:00","description":"Venez nous rendre visite dans notre boucherie de Garrigas et Llad\u00f3 pour d\u00e9guster nos charcuteries fabriqu\u00e9es par Can Ruart.","breadcrumb":{"@id":"https:\/\/www.embotits.es\/productos\/embutidos-curados\/#breadcrumb"},"inLanguage":"fr-FR","potentialAction":[{"@type":"ReadAction","target":["https:\/\/www.embotits.es\/productos\/embutidos-curados\/"]}]},{"@type":"ImageObject","inLanguage":"fr-FR","@id":"https:\/\/www.embotits.es\/productos\/embutidos-curados\/#primaryimage","url":"https:\/\/www.embotits.es\/wp-content\/uploads\/2023\/08\/beicon_salat.jpg","contentUrl":"https:\/\/www.embotits.es\/wp-content\/uploads\/2023\/08\/beicon_salat.jpg"},{"@type":"BreadcrumbList","@id":"https:\/\/www.embotits.es\/productos\/embutidos-curados\/#breadcrumb","itemListElement":[{"@type":"ListItem","position":1,"name":"Portada","item":"https:\/\/www.embotits.es\/fr\/accueil\/"},{"@type":"ListItem","position":2,"name":"Produits","item":"https:\/\/www.embotits.es\/productos\/"},{"@type":"ListItem","position":3,"name":"Charcuterie s\u00e8che"}]},{"@type":"WebSite","@id":"https:\/\/www.embotits.es\/#website","url":"https:\/\/www.embotits.es\/","name":"Can Ruart","description":"El rac\u00f3 de l&#039;embotit","publisher":{"@id":"https:\/\/www.embotits.es\/#organization"},"potentialAction":[{"@type":"SearchAction","target":{"@type":"EntryPoint","urlTemplate":"https:\/\/www.embotits.es\/?s={search_term_string}"},"query-input":{"@type":"PropertyValueSpecification","valueRequired":true,"valueName":"search_term_string"}}],"inLanguage":"fr-FR"},{"@type":"Organization","@id":"https:\/\/www.embotits.es\/#organization","name":"Can Ruart","url":"https:\/\/www.embotits.es\/","logo":{"@type":"ImageObject","inLanguage":"fr-FR","@id":"https:\/\/www.embotits.es\/#\/schema\/logo\/image\/","url":"https:\/\/www.embotits.es\/wp-content\/uploads\/2023\/08\/logo-Can-Ruart.jpg","contentUrl":"https:\/\/www.embotits.es\/wp-content\/uploads\/2023\/08\/logo-Can-Ruart.jpg","width":806,"height":300,"caption":"Can Ruart"},"image":{"@id":"https:\/\/www.embotits.es\/#\/schema\/logo\/image\/"}}]}},"_links":{"self":[{"href":"https:\/\/www.embotits.es\/fr\/wp-json\/wp\/v2\/pages\/562","targetHints":{"allow":["GET"]}}],"collection":[{"href":"https:\/\/www.embotits.es\/fr\/wp-json\/wp\/v2\/pages"}],"about":[{"href":"https:\/\/www.embotits.es\/fr\/wp-json\/wp\/v2\/types\/page"}],"author":[{"embeddable":true,"href":"https:\/\/www.embotits.es\/fr\/wp-json\/wp\/v2\/users\/1"}],"replies":[{"embeddable":true,"href":"https:\/\/www.embotits.es\/fr\/wp-json\/wp\/v2\/comments?post=562"}],"version-history":[{"count":3,"href":"https:\/\/www.embotits.es\/fr\/wp-json\/wp\/v2\/pages\/562\/revisions"}],"predecessor-version":[{"id":624,"href":"https:\/\/www.embotits.es\/fr\/wp-json\/wp\/v2\/pages\/562\/revisions\/624"}],"up":[{"embeddable":true,"href":"https:\/\/www.embotits.es\/fr\/wp-json\/wp\/v2\/pages\/557"}],"wp:attachment":[{"href":"https:\/\/www.embotits.es\/fr\/wp-json\/wp\/v2\/media?parent=562"}],"curies":[{"name":"wp","href":"https:\/\/api.w.org\/{rel}","templated":true}]}}